{"id":3766,"date":"2025-06-10T14:25:00","date_gmt":"2025-06-10T12:25:00","guid":{"rendered":"http:\/\/designplanung.de\/projekt-012\/?page_id=3766"},"modified":"2025-09-03T10:13:10","modified_gmt":"2025-09-03T08:13:10","slug":"kontakt","status":"publish","type":"page","link":"http:\/\/designplanung.de\/projekt-012\/kontakt\/","title":{"rendered":"Kontakt"},"content":{"rendered":"<div id='full_slider_1'  class='avia-fullwidth-slider main_color avia-shadow   avia-builder-el-0  el_before_av_layout_row  avia-builder-el-first   container_wrap fullsize'  >\n<style type=\"text\/css\" data-created_by=\"avia_inline_auto\" id=\"style-css-av-uinh7q-6b58ddff540c2be3482a1e2d87d74aa6\">\n#top #wrap_all .avia-slideshow .av-slideshow-caption.av-uinh7q-6b58ddff540c2be3482a1e2d87d74aa6__0 .avia-caption-title{\ncolor:#ffffff;\n}\n#top .avia-slideshow .av-slideshow-caption.av-uinh7q-6b58ddff540c2be3482a1e2d87d74aa6__0 .avia-caption-content{\ncolor:#ffffff;\n}\n\n@media only screen and (min-width: 990px){ \n#top #wrap_all .avia-slideshow .av-slideshow-caption.av-uinh7q-6b58ddff540c2be3482a1e2d87d74aa6__0 .avia-caption-title{\nfont-size:63px;\n}\n}\n<\/style>\n<div  class='avia-slideshow av-uinh7q-6b58ddff540c2be3482a1e2d87d74aa6 avia-slideshow-entry_without_sidebar av_slideshow_full avia-fade-slider av-slideshow-ui av-control-default av-slideshow-autoplay av-loop-endless av-loop-manual-endless av-default-height-applied   avia-slideshow-1' data-slideshow-options=\"{&quot;animation&quot;:&quot;fade&quot;,&quot;autoplay&quot;:true,&quot;loop_autoplay&quot;:&quot;endless&quot;,&quot;interval&quot;:7,&quot;loop_manual&quot;:&quot;manual-endless&quot;,&quot;autoplay_stopper&quot;:false,&quot;noNavigation&quot;:false,&quot;bg_slider&quot;:false,&quot;transitionSpeed&quot;:3000,&quot;keep_padding&quot;:false,&quot;hoverpause&quot;:false,&quot;show_slide_delay&quot;:0}\"  itemprop=\"image\" itemscope=\"itemscope\" itemtype=\"https:\/\/schema.org\/ImageObject\" ><ul class='avia-slideshow-inner ' style='padding-bottom: 34.958677686%;'><li  class='avia-slideshow-slide av-uinh7q-6b58ddff540c2be3482a1e2d87d74aa6__0  av-single-slide slide-1 slide-odd'><div data-rel='slideshow-1' class='avia-slide-wrap '   ><div class='av-slideshow-caption av-uinh7q-6b58ddff540c2be3482a1e2d87d74aa6__0 caption_fullwidth caption_left'><div class=\"container caption_container\"><div class=\"slideshow_caption\"><div class=\"slideshow_inner_caption\"><div class=\"slideshow_align_caption\"><h1 class='avia-caption-title '  itemprop=\"name\" >Kontakt<\/h1><div class='avia-caption-content av_inherit_color'  itemprop=\"description\" ><p>Kontaktangaben, Formular und Anfahrt<\/p>\n<\/div><\/div><\/div><\/div><\/div><\/div><img decoding=\"async\" fetchpriority=\"high\" class=\"wp-image-4013 avia-img-lazy-loading-not-4013\"  src=\"http:\/\/designplanung.de\/projekt-012\/wp-content\/uploads\/2025\/09\/Banner-9-1210x423.jpg\" width=\"1210\" height=\"423\" title='Banner-9' alt=''  itemprop=\"thumbnailUrl\"   \/><div class='av-section-color-overlay' style='opacity: 0.7; background-color: #000000; '><\/div><\/div><\/li><\/ul><\/div><\/div>\n<div id='av-layout-grid-1'  class='av-layout-grid-container av-ro9kba-d74ab2ba96897e34b9916dd515fa0c61 entry-content-wrapper main_color av-flex-cells  avia-builder-el-1  el_after_av_slideshow_full  el_before_av_layout_row  grid-row-not-first  container_wrap fullsize'  >\n\n<style type=\"text\/css\" data-created_by=\"avia_inline_auto\" id=\"style-css-av-p7zmg6-00561f9c5463474fa87136c5c1a70461\">\n.flex_cell.av-p7zmg6-00561f9c5463474fa87136c5c1a70461{\nvertical-align:top;\nheight:10px;\nmin-height:10px;\nbackground-color:#e2003c;\n}\n.responsive #top #wrap_all .flex_cell.av-p7zmg6-00561f9c5463474fa87136c5c1a70461{\npadding:4px 4px 4px 4px !important;\n}\n<\/style>\n<div class='flex_cell av-p7zmg6-00561f9c5463474fa87136c5c1a70461 av-gridrow-cell av_one_full no_margin  avia-builder-el-2  avia-builder-el-no-sibling  content-align-top'  ><div class='flex_cell_inner'><\/div><\/div>\n<\/div>\n<div id='av-layout-grid-2'  class='av-layout-grid-container av-o3g05i-c629be404baaff104bd990b511877032 entry-content-wrapper main_color av-flex-cells  avia-builder-el-3  el_after_av_layout_row  el_before_av_section  grid-row-not-first  container_wrap fullsize'  >\n\n<style type=\"text\/css\" data-created_by=\"avia_inline_auto\" id=\"style-css-av-mtd1xi-e38f731c339d3b8860a231a454c78420\">\n.flex_cell.av-mtd1xi-e38f731c339d3b8860a231a454c78420{\nvertical-align:top;\n}\n.responsive #top #wrap_all .flex_cell.av-mtd1xi-e38f731c339d3b8860a231a454c78420{\npadding:0px 0px 0px 0px !important;\n}\n<\/style>\n<div class='flex_cell av-mtd1xi-e38f731c339d3b8860a231a454c78420 av-gridrow-cell av_one_full no_margin  avia-builder-el-4  avia-builder-el-no-sibling  content-align-top av-zero-padding'  ><div class='flex_cell_inner'>\n<style type=\"text\/css\" data-created_by=\"avia_inline_auto\" id=\"style-css-av-khukwm-c5648b2761d669956bdf1b931a60011e\">\n.avia-image-container.av-khukwm-c5648b2761d669956bdf1b931a60011e img.avia_image{\nbox-shadow:none;\n}\n.avia-image-container.av-khukwm-c5648b2761d669956bdf1b931a60011e .av-image-caption-overlay-center{\ncolor:#ffffff;\n}\n<\/style>\n<div  class='avia-image-container av-khukwm-c5648b2761d669956bdf1b931a60011e av-styling- avia-align-center  avia-builder-el-5  avia-builder-el-no-sibling '   itemprop=\"image\" itemscope=\"itemscope\" itemtype=\"https:\/\/schema.org\/ImageObject\" ><div class=\"avia-image-container-inner\"><div class=\"avia-image-overlay-wrap\"><img decoding=\"async\" fetchpriority=\"high\" class='wp-image-3570 avia-img-lazy-loading-not-3570 avia_image ' src=\"http:\/\/designplanung.de\/projekt-012\/wp-content\/uploads\/2025\/05\/beispiele.png\" alt='' title='beispiele'  height=\"87\" width=\"1774\"  itemprop=\"thumbnailUrl\" srcset=\"http:\/\/designplanung.de\/projekt-012\/wp-content\/uploads\/2025\/05\/beispiele.png 1774w, http:\/\/designplanung.de\/projekt-012\/wp-content\/uploads\/2025\/05\/beispiele-300x15.png 300w, http:\/\/designplanung.de\/projekt-012\/wp-content\/uploads\/2025\/05\/beispiele-1030x51.png 1030w, http:\/\/designplanung.de\/projekt-012\/wp-content\/uploads\/2025\/05\/beispiele-768x38.png 768w, http:\/\/designplanung.de\/projekt-012\/wp-content\/uploads\/2025\/05\/beispiele-1536x75.png 1536w, http:\/\/designplanung.de\/projekt-012\/wp-content\/uploads\/2025\/05\/beispiele-1500x74.png 1500w, http:\/\/designplanung.de\/projekt-012\/wp-content\/uploads\/2025\/05\/beispiele-705x35.png 705w\" sizes=\"(max-width: 1774px) 100vw, 1774px\" \/><\/div><\/div><\/div>\n<\/div><\/div>\n<\/div>\n<div id='av_section_1'  class='avia-section av-17rzrh2-598a58203b919ea7168488ee8ea9ddb8 main_color avia-section-large avia-no-border-styling  avia-builder-el-6  el_after_av_layout_row  avia-builder-el-last  avia-bg-style-scroll container_wrap fullsize'  ><div class='container av-section-cont-open' ><div class='template-page content  av-content-full alpha units'><div class='post-entry post-entry-type-page post-entry-3766'><div class='entry-content-wrapper clearfix'>\n<div  class='flex_column av-1669sdi-8be6eb8a902dc85cb76198b0be352f20 av_one_fifth  avia-builder-el-7  el_before_av_three_fifth  avia-builder-el-first  first flex_column_div  '     ><\/div><div  class='flex_column av-141dfvq-4d5ec665b9373bb10ca8a56ca6e4b495 av_three_fifth  avia-builder-el-8  el_after_av_one_fifth  el_before_av_one_fifth  flex_column_div  '     ><section  class='av_textblock_section av-13je5eu-041807a44c055182efa272940f284cf0 '   itemscope=\"itemscope\" itemtype=\"https:\/\/schema.org\/CreativeWork\" ><div class='avia_textblock'  itemprop=\"text\" ><div class=\"teaser-wrapper__item\" style=\"text-align: center;\">\n<div class=\"text-block has-container-style\">\n<div class=\"description-wrapper\">\n<h1 class=\"h1\">Kontakt (mit SEO-Begriff)<\/h1>\n<div class=\"cms-text \">\n<p>Hier kommt noch etwas Text hin, der gut f\u00fcrs Google-Ranking ist. Hier kommt noch etwas Text hin, der gut f\u00fcrs Google-Ranking ist. Hier kommt noch etwas Text hin, der gut f\u00fcrs Google-Ranking ist.<\/p>\n<\/div>\n<\/div>\n<\/div>\n<\/div>\n<\/div><\/section><br \/>\n\n<style type=\"text\/css\" data-created_by=\"avia_inline_auto\" id=\"style-css-av-mbqjruus-bed3659ec0547e0bfd6456847d48f05c\">\n#top .hr.hr-invisible.av-mbqjruus-bed3659ec0547e0bfd6456847d48f05c{\nheight:22px;\n}\n<\/style>\n<div  class='hr av-mbqjruus-bed3659ec0547e0bfd6456847d48f05c hr-invisible  avia-builder-el-10  el_after_av_textblock  avia-builder-el-last '><span class='hr-inner '><span class=\"hr-inner-style\"><\/span><\/span><\/div><\/p><\/div><div  class='flex_column av-10p30ti-916297490dfebd83b558dc2a12a88bb2 av_one_fifth  avia-builder-el-11  el_after_av_three_fifth  el_before_av_one_third  flex_column_div  '     ><\/div><div class='flex_column_table av-fbcl2-ac4bc3fe2be1cd8903d756366f42f501 sc-av_one_third av-equal-height-column-flextable'>\n<style type=\"text\/css\" data-created_by=\"avia_inline_auto\" id=\"style-css-av-fbcl2-ac4bc3fe2be1cd8903d756366f42f501\">\n.flex_column.av-fbcl2-ac4bc3fe2be1cd8903d756366f42f501{\npadding:50px 20px 50px 20px;\nbackground:url(http:\/\/designplanung.de\/projekt-012\/wp-content\/uploads\/2025\/06\/Icon-3.png) 50% 50% no-repeat scroll ;\n}\n<\/style>\n<div  class='flex_column av-fbcl2-ac4bc3fe2be1cd8903d756366f42f501 av_one_third  avia-builder-el-12  el_after_av_one_fifth  el_before_av_two_third  first no_margin flex_column_table_cell av-equal-height-column av-align-middle av-parallax-object avia-full-stretch  column-top-margin' data-parallax=\"{&quot;parallax&quot;:&quot;bottom_top&quot;,&quot;parallax_speed&quot;:&quot;10&quot;,&quot;av-desktop-parallax&quot;:&quot;inherit&quot;,&quot;av-desktop-parallax_speed&quot;:&quot;inherit&quot;,&quot;av-medium-parallax&quot;:&quot;inherit&quot;,&quot;av-medium-parallax_speed&quot;:&quot;inherit&quot;,&quot;av-small-parallax&quot;:&quot;inherit&quot;,&quot;av-small-parallax_speed&quot;:&quot;inherit&quot;,&quot;av-mini-parallax&quot;:&quot;inherit&quot;,&quot;av-mini-parallax_speed&quot;:&quot;inherit&quot;,&quot;parallax-container&quot;:&quot;.av-fbcl2-ac4bc3fe2be1cd8903d756366f42f501&quot;}\"    ><section  class='av_textblock_section av-396m6u-b347d5cc9120319b7b03aa1361b00fb5 '   itemscope=\"itemscope\" itemtype=\"https:\/\/schema.org\/CreativeWork\" ><div class='avia_textblock'  itemprop=\"text\" ><h4 style=\"text-align: center;\">Kontakt<\/h4>\n<div style=\"text-align: center;\">\n<p>PiSolution GmbH<br \/>\nAn der Harth 6<br \/>\n04416 Markkleeberg<\/p>\n<p>B\u00fcrozeiten Mo-Fr: 9:00 &#8211; 17:00 Uhr<\/p>\n<p>E-mail: info @ pisolution.de<br \/>\nWeb: www.pisolution.de<br \/>\nTel: 0341 3192740<\/p>\n<\/div>\n<\/div><\/section><\/div>\n<style type=\"text\/css\" data-created_by=\"avia_inline_auto\" id=\"style-css-av-7jdgfq-3f171e9d55ab9f5f0a139ad791e1bc1a\">\n.flex_column.av-7jdgfq-3f171e9d55ab9f5f0a139ad791e1bc1a{\npadding:0px 0px 0px 0px;\nbackground-color:#ededed;\n}\n<\/style>\n<div  class='flex_column av-7jdgfq-3f171e9d55ab9f5f0a139ad791e1bc1a av_two_third  avia-builder-el-14  el_after_av_one_third  el_before_av_one_full  no_margin flex_column_table_cell av-equal-height-column av-align-middle av-zero-column-padding avia-full-stretch  column-top-margin'     ><\/div><\/div><!--close column table wrapper. Autoclose: 1 --><div class='flex_column_table av-x1rvcm-b70488c36c0d0d7718291cabbb72dbf9 sc-av_one_full av-equal-height-column-flextable'>\n<style type=\"text\/css\" data-created_by=\"avia_inline_auto\" id=\"style-css-av-x1rvcm-b70488c36c0d0d7718291cabbb72dbf9\">\n.flex_column.av-x1rvcm-b70488c36c0d0d7718291cabbb72dbf9{\npadding:4% 4% 4% 4%;\nbackground-color:#ededed;\n}\n<\/style>\n<div  class='flex_column av-x1rvcm-b70488c36c0d0d7718291cabbb72dbf9 av_one_full  avia-builder-el-16  el_after_av_two_third  avia-builder-el-last  first no_margin flex_column_table_cell av-equal-height-column av-align-top avia-full-stretch  column-top-margin'     ><section  class='av_textblock_section av-u38kd2-de77f6a81f63df227a9330aff6116050 '   itemscope=\"itemscope\" itemtype=\"https:\/\/schema.org\/CreativeWork\" ><div class='avia_textblock'  itemprop=\"text\" ><div class=\"widget widget-explanation explanation\">\n<h3>Unser Anfrageformular<\/h3>\n<p>Bitte f\u00fcllen Sie unser Formular aus. Nach dem absenden werden wir uns schnellst m\u00f6glich mit Ihnen in Verbindung setzen<\/p>\n<\/div>\n<\/div><\/section><br \/>\n<form action=\"http:\/\/designplanung.de\/projekt-012\/kontakt\/\" method=\"post\" data-fields-with-error=\"Fehler wurden in folgenden Feld(ern) gefunden:\" class=\"avia_ajax_form av-form-labels-visible   avia-builder-el-18  el_after_av_textblock  avia-builder-el-last   \" data-avia-form-id=\"1\" data-avia-redirect=''  aria-label='Kontaktformular' ><fieldset><p class='  first_form  form_element form_element_third' id='element_avia_1_1'><label for=\"avia_1_1\">Anrede<\/label><select  name=\"avia_1_1\" class=\"select \" id=\"avia_1_1\"><option   value='Bitte w\u00e4hlen Sie'>Bitte w\u00e4hlen Sie<\/option><option   value='Frau'>Frau<\/option><option   value='Herr'>Herr<\/option><option   value='Dr.'>Dr.<\/option><\/select><\/p><p class='  form_element form_element_third' id='element_avia_2_1'><label for=\"avia_2_1\">Name <abbr class=\"required\" title=\"ben\u00f6tigt\">*<\/abbr><\/label> <input name=\"avia_2_1\" class=\"text_input is_empty\" type=\"text\" id=\"avia_2_1\" value=\"\" \/><\/p><p class='  form_element form_element_third' id='element_avia_3_1'><label for=\"avia_3_1\">Vorname <abbr class=\"required\" title=\"ben\u00f6tigt\">*<\/abbr><\/label> <input name=\"avia_3_1\" class=\"text_input is_empty\" type=\"text\" id=\"avia_3_1\" value=\"\" \/><\/p><p class='  first_form  form_element form_element_half' id='element_avia_4_1'><label for=\"avia_4_1\">E-Mail <abbr class=\"required\" title=\"ben\u00f6tigt\">*<\/abbr><\/label> <input name=\"avia_4_1\" class=\"text_input is_email\" type=\"text\" id=\"avia_4_1\" value=\"\" \/><\/p><p class='  form_element form_element_half' id='element_avia_5_1'><label for=\"avia_5_1\">Telefon<\/label> <input name=\"avia_5_1\" class=\"text_input \" type=\"text\" id=\"avia_5_1\" value=\"\" \/><\/p><p class='  first_form  form_element form_fullwidth' id='element_avia_6_1'><label for=\"avia_6_1\">Betreff <abbr class=\"required\" title=\"ben\u00f6tigt\">*<\/abbr><\/label> <input name=\"avia_6_1\" class=\"text_input is_empty\" type=\"text\" id=\"avia_6_1\" value=\"\" \/><\/p><p class='  first_form  form_element form_fullwidth' id='element_avia_7_1'><label for=\"avia_7_1\" class=\"textare_label hidden textare_label_avia_7_1\">Nachricht <abbr class=\"required\" title=\"ben\u00f6tigt\">*<\/abbr><\/label><textarea  name=\"avia_7_1\" class=\"text_area is_empty\" cols=\"40\" rows=\"7\" id=\"avia_7_1\" ><\/textarea><\/p><p id='element_avia_8_1' class=' first_form  form_element form_fullwidth av-form-empty-line '> <\/p><h4 id='element_avia_9_1' class=' first_form  form_element form_fullwidth av-form-headline '>Was k\u00f6nnte hier noch stehen?<\/h4><p class='  first_form  form_element form_fullwidth' id='element_avia_10_1'><input  name=\"avia_10_1\" class=\"input_checkbox \" type=\"checkbox\" id=\"avia_10_1\" value=\"true\"\/><label class=\"input_checkbox_label\" for=\"avia_10_1\">Ich m\u00f6chte beraten werden<\/label><\/p><p class='  first_form  form_element form_fullwidth' id='element_avia_11_1'><input  name=\"avia_11_1\" class=\"input_checkbox \" type=\"checkbox\" id=\"avia_11_1\" value=\"true\"\/><label class=\"input_checkbox_label\" for=\"avia_11_1\">Ich m\u00f6chte einen Auftrag ausl\u00f6sen<\/label><\/p><p class='  first_form  form_element form_fullwidth' id='element_avia_12_1'><input  name=\"avia_12_1\" class=\"input_checkbox \" type=\"checkbox\" id=\"avia_12_1\" value=\"true\"\/><label class=\"input_checkbox_label\" for=\"avia_12_1\">Weitere Optionen sind m\u00f6glich<\/label><\/p><p class='  first_form  form_element form_fullwidth' id='element_avia_13_1'><input  name=\"avia_13_1\" class=\"input_checkbox is_empty\" type=\"checkbox\" id=\"avia_13_1\" value=\"true\"\/><label class=\"input_checkbox_label\" for=\"avia_13_1\">Datenschutz kommt sp\u00e4ter <abbr class=\"required\" title=\"ben\u00f6tigt\">*<\/abbr><\/label><\/p><p class=\"hidden\"><input type=\"text\" name=\"avia_14_1\" class=\"hidden \" id=\"avia_14_1\" value=\"\" \/><\/p><p class='   form_element form_fullwidth' id='element_avia_15_1'><span class='value_verifier_label'>1 + 5 = ?<\/span><input name=\"avia_15_1_verifier\" type=\"hidden\" id=\"avia_15_1_verifier\" value=\"844824767\"\/><label for=\"avia_15_1\">Bitte l\u00f6se die Gleichung. Diese Ma\u00dfnahme dient der Abwehr von Spam <abbr class=\"required\" title=\"ben\u00f6tigt\">*<\/abbr><\/label><input name=\"avia_15_1\" class=\"text_input captcha\" type=\"text\" id=\"avia_15_1\" value=\"\"\/><\/p><p class=\"form_element \"><input type=\"hidden\" value=\"1\" name=\"avia_generated_form1\" \/><input type=\"submit\" value=\"Senden\" class=\"button\"  data-sending-label=\"Sende\"\/><\/p><\/fieldset><\/form><div id=\"ajaxresponse_1\" class=\"ajaxresponse ajaxresponse_1 hidden\"><\/div><\/p><\/div><\/div><!--close column table wrapper. Autoclose: 1 -->\n\n","protected":false},"excerpt":{"rendered":"","protected":false},"author":10,"featured_media":0,"parent":0,"menu_order":0,"comment_status":"closed","ping_status":"closed","template":"","meta":{"footnotes":""},"class_list":["post-3766","page","type-page","status-publish","hentry"],"_links":{"self":[{"href":"http:\/\/designplanung.de\/projekt-012\/wp-json\/wp\/v2\/pages\/3766","targetHints":{"allow":["GET"]}}],"collection":[{"href":"http:\/\/designplanung.de\/projekt-012\/wp-json\/wp\/v2\/pages"}],"about":[{"href":"http:\/\/designplanung.de\/projekt-012\/wp-json\/wp\/v2\/types\/page"}],"author":[{"embeddable":true,"href":"http:\/\/designplanung.de\/projekt-012\/wp-json\/wp\/v2\/users\/10"}],"replies":[{"embeddable":true,"href":"http:\/\/designplanung.de\/projekt-012\/wp-json\/wp\/v2\/comments?post=3766"}],"version-history":[{"count":48,"href":"http:\/\/designplanung.de\/projekt-012\/wp-json\/wp\/v2\/pages\/3766\/revisions"}],"predecessor-version":[{"id":4015,"href":"http:\/\/designplanung.de\/projekt-012\/wp-json\/wp\/v2\/pages\/3766\/revisions\/4015"}],"wp:attachment":[{"href":"http:\/\/designplanung.de\/projekt-012\/wp-json\/wp\/v2\/media?parent=3766"}],"curies":[{"name":"wp","href":"https:\/\/api.w.org\/{rel}","templated":true}]}}