{"id":3936,"date":"2025-07-30T11:50:23","date_gmt":"2025-07-30T09:50:23","guid":{"rendered":"http:\/\/designplanung.de\/projekt-012\/?page_id=3936"},"modified":"2025-07-30T15:56:18","modified_gmt":"2025-07-30T13:56:18","slug":"webbasierte-intranetloesungen-softwareentwicklung","status":"publish","type":"page","link":"http:\/\/designplanung.de\/projekt-012\/leistungen-service\/webbasierte-intranetloesungen-softwareentwicklung\/","title":{"rendered":"Intranetl\u00f6sungen\/ Softwareentwicklung"},"content":{"rendered":"<div id='full_slider_1'  class='avia-fullwidth-slider main_color avia-shadow   avia-builder-el-0  el_before_av_layout_row  avia-builder-el-first   container_wrap fullsize'  >\n<style type=\"text\/css\" data-created_by=\"avia_inline_auto\" id=\"style-css-av-21lsqt3-88f740057a57b645b7e1f0590d688636\">\n#top #wrap_all .avia-slideshow .av-slideshow-caption.av-21lsqt3-88f740057a57b645b7e1f0590d688636__0 .avia-caption-title{\ncolor:#ffffff;\n}\n#top .avia-slideshow .av-slideshow-caption.av-21lsqt3-88f740057a57b645b7e1f0590d688636__0 .avia-caption-content{\ncolor:#ffffff;\n}\n\n@media only screen and (min-width: 990px){ \n#top #wrap_all .avia-slideshow .av-slideshow-caption.av-21lsqt3-88f740057a57b645b7e1f0590d688636__0 .avia-caption-title{\nfont-size:63px;\n}\n}\n\n@media only screen and (max-width: 479px){ \n#top #wrap_all .avia-slideshow .av-slideshow-caption.av-21lsqt3-88f740057a57b645b7e1f0590d688636__0 .avia-caption-title{\nfont-size:25px;\n}\n#top .avia-slideshow .av-slideshow-caption.av-21lsqt3-88f740057a57b645b7e1f0590d688636__0 .avia-caption-content{\nfont-size:15px;\n}\n#top .avia-slideshow .av-slideshow-caption.av-21lsqt3-88f740057a57b645b7e1f0590d688636__0 .avia-caption-content p{\nfont-size:15px;\n}\n}\n<\/style>\n<div  class='avia-slideshow av-21lsqt3-88f740057a57b645b7e1f0590d688636 avia-slideshow-featured_large av_slideshow_full avia-fade-slider av-slideshow-ui av-control-default av-slideshow-autoplay av-loop-endless av-loop-manual-endless av-default-height-applied   avia-slideshow-1' data-slideshow-options=\"{&quot;animation&quot;:&quot;fade&quot;,&quot;autoplay&quot;:true,&quot;loop_autoplay&quot;:&quot;endless&quot;,&quot;interval&quot;:7,&quot;loop_manual&quot;:&quot;manual-endless&quot;,&quot;autoplay_stopper&quot;:false,&quot;noNavigation&quot;:false,&quot;bg_slider&quot;:false,&quot;transitionSpeed&quot;:3000,&quot;keep_padding&quot;:false,&quot;hoverpause&quot;:false,&quot;show_slide_delay&quot;:0}\"  itemprop=\"image\" itemscope=\"itemscope\" itemtype=\"https:\/\/schema.org\/ImageObject\" ><ul class='avia-slideshow-inner ' style='padding-bottom: 42%;'><li  class='avia-slideshow-slide av-21lsqt3-88f740057a57b645b7e1f0590d688636__0  av-single-slide slide-1 slide-odd'><div data-rel='slideshow-1' class='avia-slide-wrap '   ><div class='av-slideshow-caption av-21lsqt3-88f740057a57b645b7e1f0590d688636__0 caption_fullwidth caption_left'><div class=\"container caption_container\"><div class=\"slideshow_caption\"><div class=\"slideshow_inner_caption\"><div class=\"slideshow_align_caption\"><h1 class='avia-caption-title '  itemprop=\"name\" >Webbasierte Intranetl\u00f6sungen\/ Softwareentwicklung<\/h1><div class='avia-caption-content av_inherit_color'  itemprop=\"description\" ><p>Individuell. Sicher. Zukunftsf\u00e4hig.<\/p>\n<\/div><a href=''  class='avia-slideshow-button avia-button avia-color-theme-color ' data-duration='800' data-easing='easeInOutQuad'>Ihr Projekt besprechen<\/a><\/div><\/div><\/div><\/div><\/div><img decoding=\"async\" fetchpriority=\"high\" class=\"wp-image-3891 avia-img-lazy-loading-not-3891\"  src=\"http:\/\/designplanung.de\/projekt-012\/wp-content\/uploads\/2025\/06\/Banner-7-1500x630.jpg\" width=\"1500\" height=\"630\" title='Banner-7' alt=''  itemprop=\"thumbnailUrl\" srcset=\"http:\/\/designplanung.de\/projekt-012\/wp-content\/uploads\/2025\/06\/Banner-7-1500x630.jpg 1500w, http:\/\/designplanung.de\/projekt-012\/wp-content\/uploads\/2025\/06\/Banner-7-300x125.jpg 300w\" sizes=\"(max-width: 1500px) 100vw, 1500px\" \/><div class='av-section-color-overlay' style='opacity: 0.6; background-color: #000000; '><\/div><\/div><\/li><\/ul><\/div><\/div>\n<div id='av-layout-grid-1'  class='av-layout-grid-container av-71yyiv-90ddb397039d95d05b7b5525c0ce3eae entry-content-wrapper main_color av-flex-cells  avia-builder-el-1  el_after_av_slideshow_full  el_before_av_layout_row  grid-row-not-first  container_wrap fullsize'  >\n\n<style type=\"text\/css\" data-created_by=\"avia_inline_auto\" id=\"style-css-av-6wf75z-9eee306135f2cdca6d97ad47ba18542e\">\n.flex_cell.av-6wf75z-9eee306135f2cdca6d97ad47ba18542e{\nvertical-align:top;\nheight:10px;\nmin-height:10px;\nbackground-color:#e2003c;\n}\n.responsive #top #wrap_all .flex_cell.av-6wf75z-9eee306135f2cdca6d97ad47ba18542e{\npadding:4px 4px 4px 4px !important;\n}\n<\/style>\n<div class='flex_cell av-6wf75z-9eee306135f2cdca6d97ad47ba18542e av-gridrow-cell av_one_full no_margin  avia-builder-el-2  avia-builder-el-no-sibling  content-align-top'  ><div class='flex_cell_inner'><\/div><\/div>\n<\/div>\n<div id='av-layout-grid-2'  class='av-layout-grid-container av-1uynk93-26e4bef76dd653a1601a23a975d31ad5 entry-content-wrapper main_color av-flex-cells  avia-builder-el-3  el_after_av_layout_row  el_before_av_layout_row  grid-row-not-first  container_wrap fullsize'  >\n\n<style type=\"text\/css\" data-created_by=\"avia_inline_auto\" id=\"style-css-av-1srtk1j-8977b97c05afea42bd3c621513362367\">\n.flex_cell.av-1srtk1j-8977b97c05afea42bd3c621513362367{\nvertical-align:top;\n}\n.responsive #top #wrap_all .flex_cell.av-1srtk1j-8977b97c05afea42bd3c621513362367{\npadding:0px 0px 0px 0px !important;\n}\n<\/style>\n<div class='flex_cell av-1srtk1j-8977b97c05afea42bd3c621513362367 av-gridrow-cell av_one_full no_margin  avia-builder-el-4  avia-builder-el-no-sibling  content-align-top av-zero-padding'  ><div class='flex_cell_inner'>\n<style type=\"text\/css\" data-created_by=\"avia_inline_auto\" id=\"style-css-av-1rsjmg7-16674eab448844090e494d7e84eb7bf8\">\n.avia-image-container.av-1rsjmg7-16674eab448844090e494d7e84eb7bf8 img.avia_image{\nbox-shadow:none;\n}\n.avia-image-container.av-1rsjmg7-16674eab448844090e494d7e84eb7bf8 .av-image-caption-overlay-center{\ncolor:#ffffff;\n}\n<\/style>\n<div  class='avia-image-container av-1rsjmg7-16674eab448844090e494d7e84eb7bf8 av-styling- avia-align-center  avia-builder-el-5  avia-builder-el-no-sibling '   itemprop=\"image\" itemscope=\"itemscope\" itemtype=\"https:\/\/schema.org\/ImageObject\" ><div class=\"avia-image-container-inner\"><div class=\"avia-image-overlay-wrap\"><img decoding=\"async\" fetchpriority=\"high\" class='wp-image-3570 avia-img-lazy-loading-not-3570 avia_image ' src=\"http:\/\/designplanung.de\/projekt-012\/wp-content\/uploads\/2025\/05\/beispiele.png\" alt='' title='beispiele'  height=\"87\" width=\"1774\"  itemprop=\"thumbnailUrl\" srcset=\"http:\/\/designplanung.de\/projekt-012\/wp-content\/uploads\/2025\/05\/beispiele.png 1774w, http:\/\/designplanung.de\/projekt-012\/wp-content\/uploads\/2025\/05\/beispiele-300x15.png 300w, http:\/\/designplanung.de\/projekt-012\/wp-content\/uploads\/2025\/05\/beispiele-1030x51.png 1030w, http:\/\/designplanung.de\/projekt-012\/wp-content\/uploads\/2025\/05\/beispiele-768x38.png 768w, http:\/\/designplanung.de\/projekt-012\/wp-content\/uploads\/2025\/05\/beispiele-1536x75.png 1536w, http:\/\/designplanung.de\/projekt-012\/wp-content\/uploads\/2025\/05\/beispiele-1500x74.png 1500w, http:\/\/designplanung.de\/projekt-012\/wp-content\/uploads\/2025\/05\/beispiele-705x35.png 705w\" sizes=\"(max-width: 1774px) 100vw, 1774px\" \/><\/div><\/div><\/div>\n<\/div><\/div>\n<\/div>\n<div id='av-layout-grid-3'  class='av-layout-grid-container av-4xiork-b844953a58325a5d8efc6f2b30f20d96 entry-content-wrapper main_color av-flex-cells  avia-builder-el-6  el_after_av_layout_row  el_before_av_section  grid-row-not-first  container_wrap fullsize'  >\n\n<style type=\"text\/css\" data-created_by=\"avia_inline_auto\" id=\"style-css-av-29b1eo-295d8a06eb5ec7429a4d09bbcc9a46ea\">\n.flex_cell.av-29b1eo-295d8a06eb5ec7429a4d09bbcc9a46ea{\nvertical-align:top;\n}\n.responsive #top #wrap_all .flex_cell.av-29b1eo-295d8a06eb5ec7429a4d09bbcc9a46ea{\npadding:0px 0px 0px 0px !important;\n}\n<\/style>\n<div class='flex_cell av-29b1eo-295d8a06eb5ec7429a4d09bbcc9a46ea av-gridrow-cell av_one_full no_margin  avia-builder-el-7  avia-builder-el-no-sibling  content-align-top av-zero-padding'  ><div class='flex_cell_inner'><div class='flex_column_table av-1nvcgmf-93a7c347c490f5c6c57d134d7878f43a sc-av_one_full av-equal-height-column-flextable'>\n<style type=\"text\/css\" data-created_by=\"avia_inline_auto\" id=\"style-css-av-1nvcgmf-93a7c347c490f5c6c57d134d7878f43a\">\n.flex_column.av-1nvcgmf-93a7c347c490f5c6c57d134d7878f43a{\npadding:6% 6% 6% 6%;\nbackground-color:#f4f4f4;\n}\n<\/style>\n<div  class='flex_column av-1nvcgmf-93a7c347c490f5c6c57d134d7878f43a av_one_full  avia-builder-el-8  avia-builder-el-no-sibling  first flex_column_table_cell av-equal-height-column av-align-middle av-animated-generic bottom-to-top  '     ><section  class='av_textblock_section av-1mkqfo7-845312a826e2ecbf0a244d79b2c8aaa5 '   itemscope=\"itemscope\" itemtype=\"https:\/\/schema.org\/CreativeWork\" ><div class='avia_textblock'  itemprop=\"text\" ><h2 style=\"text-align: center;\">Ma\u00dfgeschneiderte Intranetl\u00f6sungen fu\u0308r Ihr Unternehmen<\/h2>\n<p style=\"text-align: center;\">Wir entwickeln und integrieren moderne, browserbasierte Intranetplattformen, die genau auf Ihre internen Prozesse abgestimmt sind. Als Experten fu\u0308r Softwareentwicklung und IT-Beratung begleiten wir Sie von der Analyse bis zur Umsetzung \u2013 zuverl\u00e4ssig, skalierbar und benutzerfreundlich.<\/p>\n<\/div><\/section><\/div><\/div><!--close column table wrapper. Autoclose: 1 -->\n<\/div><\/div><\/div><div id='av_section_1'  class='avia-section av-1pn0zhj-03a97a9ba56bd4d4fd155eb4a47512c2 main_color avia-section-large avia-no-border-styling  avia-builder-el-10  el_after_av_layout_row  el_before_av_section  avia-bg-style-scroll container_wrap fullsize'  ><div class='container av-section-cont-open' ><div class='template-page content  av-content-full alpha units'><div class='post-entry post-entry-type-page post-entry-3936'><div class='entry-content-wrapper clearfix'>\n<section  class='av_textblock_section av-mdpslwcj-7eda57857724d28ef1105681e143ca65 '   itemscope=\"itemscope\" itemtype=\"https:\/\/schema.org\/CreativeWork\" ><div class='avia_textblock'  itemprop=\"text\" ><h1 style=\"text-align: center;\">Unsere Intranet-Komponenten im \u00dcberblick<\/h1>\n<\/div><\/section>\n<div  class='hr av-2liuqo-8b2536cc72c19dec306bab49f9aee4d5 hr-default  avia-builder-el-12  el_after_av_textblock  el_before_av_one_third '><span class='hr-inner '><span class=\"hr-inner-style\"><\/span><\/span><\/div>\n<div  class='flex_column av-1ifqhtj-a82ad06bb3045cb3b72d4f18769829f8 av_one_third  avia-builder-el-13  el_after_av_hr  el_before_av_one_third  first flex_column_div av-animated-generic bottom-to-top  '     ><article  class='iconbox iconbox_left_content av-mdpshda1-79f1c9c479f7198c8fa2ff11d68630f1  avia-builder-el-14  avia-builder-el-no-sibling '  itemscope=\"itemscope\" itemtype=\"https:\/\/schema.org\/CreativeWork\" ><div class='iconbox_icon heading-color avia-svg-icon avia-font-svg_entypo-fontello' data-av_svg_icon='check' data-av_iconset='svg_entypo-fontello' ><svg version=\"1.1\" xmlns=\"http:\/\/www.w3.org\/2000\/svg\" width=\"21\" height=\"32\" viewBox=\"0 0 21 32\" preserveAspectRatio=\"xMidYMid meet\" aria-labelledby='av-svg-title-1' aria-describedby='av-svg-desc-1' role=\"graphics-symbol\">\n<title id='av-svg-title-1'>Check<\/title>\n<desc id='av-svg-desc-1'>Check<\/desc>\n<path d=\"M7.968 27.2q-1.088 0-1.792-0.896l-5.76-7.552q-0.512-0.768-0.384-1.664t0.832-1.472 1.632-0.448 1.504 0.896l3.776 4.928 9.472-15.168q0.512-0.768 1.376-0.96t1.696 0.256q0.768 0.512 0.96 1.376t-0.256 1.696l-11.2 17.92q-0.64 1.024-1.792 1.024z\"><\/path>\n<\/svg><\/div><div class=\"iconbox_content\"><header class=\"entry-content-header\" aria-label=\"Icon: Individuelle Portall\u00f6sungen\"><h3 class='iconbox_content_title '  itemprop=\"headline\" >Individuelle Portall\u00f6sungen<\/h3><\/header><div class='iconbox_content_container '  itemprop=\"text\" ><p>Benutzerdefinierte Dashboards, personalisierte Inhalte und zentrale Einstiegspunkte fu\u0308r Ihre Mitarbeiter.<\/p>\n<ul>\n<li>Inhalte lassen sich je nach Rolle, Abteilung oder Standort automatisch anpassen.<\/li>\n<li>Erh\u00f6ht die Nutzerfreundlichkeit und f\u00f6rdert die t\u00e4gliche Nutzung.<\/li>\n<li>So finden Ihre Mitarbeitenden schneller, was sie brauchen, und bleiben besser informiert.<\/li>\n<\/ul>\n<\/div><\/div><footer class=\"entry-footer\"><\/footer><\/article><\/div><div  class='flex_column av-h6hte8-6d50aada7c21d9f4d82fff5eefc11a0a av_one_third  avia-builder-el-15  el_after_av_one_third  el_before_av_one_third  flex_column_div av-animated-generic bottom-to-top  '     ><article  class='iconbox iconbox_left_content av-gg8tc0-9b9d642d10b5eaa4bb1a132741a934e7  avia-builder-el-16  avia-builder-el-no-sibling '  itemscope=\"itemscope\" itemtype=\"https:\/\/schema.org\/CreativeWork\" ><div class='iconbox_icon heading-color avia-svg-icon avia-font-svg_entypo-fontello' data-av_svg_icon='check' data-av_iconset='svg_entypo-fontello' ><svg version=\"1.1\" xmlns=\"http:\/\/www.w3.org\/2000\/svg\" width=\"21\" height=\"32\" viewBox=\"0 0 21 32\" preserveAspectRatio=\"xMidYMid meet\" aria-labelledby='av-svg-title-2' aria-describedby='av-svg-desc-2' role=\"graphics-symbol\">\n<title id='av-svg-title-2'>Check<\/title>\n<desc id='av-svg-desc-2'>Check<\/desc>\n<path d=\"M7.968 27.2q-1.088 0-1.792-0.896l-5.76-7.552q-0.512-0.768-0.384-1.664t0.832-1.472 1.632-0.448 1.504 0.896l3.776 4.928 9.472-15.168q0.512-0.768 1.376-0.96t1.696 0.256q0.768 0.512 0.96 1.376t-0.256 1.696l-11.2 17.92q-0.64 1.024-1.792 1.024z\"><\/path>\n<\/svg><\/div><div class=\"iconbox_content\"><header class=\"entry-content-header\" aria-label=\"Icon: Dokumenten- &amp; Wissensmanagement\"><h3 class='iconbox_content_title '  itemprop=\"headline\" >Dokumenten- &amp; Wissensmanagement<\/h3><\/header><div class='iconbox_content_container '  itemprop=\"text\" ><p>Sicheres Speichern, Teilen und Finden von Dateien, Anleitungen, Richtlinien und Best Practices.<\/p>\n<ul>\n<li>Mit Versionskontrolle, Zugriffsrechten und Schlagwort-Suche.<\/li>\n<li>Ideal fu\u0308r Wissenssicherung bei Personalwechsel oder Wachstum.<\/li>\n<li>Mitarbeiter verlieren keine Zeit mehr mit dem Suchen von Dokumenten.<\/li>\n<\/ul>\n<\/div><\/div><footer class=\"entry-footer\"><\/footer><\/article><\/div><div  class='flex_column av-du8omo-16e0f415a63b7608f44b74b7ed0361bc av_one_third  avia-builder-el-17  el_after_av_one_third  el_before_av_hr  flex_column_div av-animated-generic bottom-to-top  '     ><article  class='iconbox iconbox_left_content av-cb4l5s-0c8bc2c9ef907bbf6712fd886afb918f  avia-builder-el-18  avia-builder-el-no-sibling '  itemscope=\"itemscope\" itemtype=\"https:\/\/schema.org\/CreativeWork\" ><div class='iconbox_icon heading-color avia-svg-icon avia-font-svg_entypo-fontello' data-av_svg_icon='check' data-av_iconset='svg_entypo-fontello' ><svg version=\"1.1\" xmlns=\"http:\/\/www.w3.org\/2000\/svg\" width=\"21\" height=\"32\" viewBox=\"0 0 21 32\" preserveAspectRatio=\"xMidYMid meet\" aria-labelledby='av-svg-title-3' aria-describedby='av-svg-desc-3' role=\"graphics-symbol\">\n<title id='av-svg-title-3'>Check<\/title>\n<desc id='av-svg-desc-3'>Check<\/desc>\n<path d=\"M7.968 27.2q-1.088 0-1.792-0.896l-5.76-7.552q-0.512-0.768-0.384-1.664t0.832-1.472 1.632-0.448 1.504 0.896l3.776 4.928 9.472-15.168q0.512-0.768 1.376-0.96t1.696 0.256q0.768 0.512 0.96 1.376t-0.256 1.696l-11.2 17.92q-0.64 1.024-1.792 1.024z\"><\/path>\n<\/svg><\/div><div class=\"iconbox_content\"><header class=\"entry-content-header\" aria-label=\"Icon: Workflow-Automatisierung\"><h3 class='iconbox_content_title '  itemprop=\"headline\" >Workflow-Automatisierung<\/h3><\/header><div class='iconbox_content_container '  itemprop=\"text\" ><p>Digitale Prozesse fu\u0308r Antr\u00e4ge, Freigaben und interne Abl\u00e4ufe \u2013 ohne Papier und Excel-Chaos.<\/p>\n<ul>\n<li>Spart Zeit und reduziert manuelle Fehler.<\/li>\n<li>Jeder Prozess wird transparent nachvollziehbar und auditf\u00e4hig.<\/li>\n<li>So beschleunigen Sie Freigaben und entlasten Ihre Teams.<\/li>\n<\/ul>\n<\/div><\/div><footer class=\"entry-footer\"><\/footer><\/article><\/div><div  class='hr av-20uom8-76576776240efc6c1484bf36a9eacd06 hr-default  avia-builder-el-19  el_after_av_one_third  el_before_av_one_third '><span class='hr-inner '><span class=\"hr-inner-style\"><\/span><\/span><\/div>\n<div  class='flex_column av-aa0k2o-861b491a8fe62f927524898860299216 av_one_third  avia-builder-el-20  el_after_av_hr  el_before_av_one_third  first flex_column_div av-animated-generic bottom-to-top  '     ><article  class='iconbox iconbox_left_content av-8pb0pc-5e828b3a3d037be615e808e828efc2ac  avia-builder-el-21  avia-builder-el-no-sibling '  itemscope=\"itemscope\" itemtype=\"https:\/\/schema.org\/CreativeWork\" ><div class='iconbox_icon heading-color avia-svg-icon avia-font-svg_entypo-fontello' data-av_svg_icon='check' data-av_iconset='svg_entypo-fontello' ><svg version=\"1.1\" xmlns=\"http:\/\/www.w3.org\/2000\/svg\" width=\"21\" height=\"32\" viewBox=\"0 0 21 32\" preserveAspectRatio=\"xMidYMid meet\" aria-labelledby='av-svg-title-4' aria-describedby='av-svg-desc-4' role=\"graphics-symbol\">\n<title id='av-svg-title-4'>Check<\/title>\n<desc id='av-svg-desc-4'>Check<\/desc>\n<path d=\"M7.968 27.2q-1.088 0-1.792-0.896l-5.76-7.552q-0.512-0.768-0.384-1.664t0.832-1.472 1.632-0.448 1.504 0.896l3.776 4.928 9.472-15.168q0.512-0.768 1.376-0.96t1.696 0.256q0.768 0.512 0.96 1.376t-0.256 1.696l-11.2 17.92q-0.64 1.024-1.792 1.024z\"><\/path>\n<\/svg><\/div><div class=\"iconbox_content\"><header class=\"entry-content-header\" aria-label=\"Icon: Interaktive Kommunikationstools\"><h3 class='iconbox_content_title '  itemprop=\"headline\" >Interaktive Kommunikationstools<\/h3><\/header><div class='iconbox_content_container '  itemprop=\"text\" ><p>Integrierte Chats, Foren, Feedbackformulare und Newsfeeds fu\u0308r den internen Austausch.<\/p>\n<ul>\n<li>F\u00f6rdert den offenen Dialog und st\u00e4rkt die Unternehmenskultur.<\/li>\n<li>Informationen erreichen alle \u2013 unabh\u00e4ngig vom Arbeitsort.<\/li>\n<li>Interne Kommunikation wird zentralisiert und transparenter.<\/li>\n<\/ul>\n<\/div><\/div><footer class=\"entry-footer\"><\/footer><\/article><\/div><div  class='flex_column av-715dqo-dba67d8520fff5a587ed583a8d0f4fc0 av_one_third  avia-builder-el-22  el_after_av_one_third  el_before_av_one_third  flex_column_div av-animated-generic bottom-to-top  '     ><article  class='iconbox iconbox_left_content av-5pua0g-8e9f95e7f88a86b73cade4e6fcb14da4  avia-builder-el-23  avia-builder-el-no-sibling '  itemscope=\"itemscope\" itemtype=\"https:\/\/schema.org\/CreativeWork\" ><div class='iconbox_icon heading-color avia-svg-icon avia-font-svg_entypo-fontello' data-av_svg_icon='check' data-av_iconset='svg_entypo-fontello' ><svg version=\"1.1\" xmlns=\"http:\/\/www.w3.org\/2000\/svg\" width=\"21\" height=\"32\" viewBox=\"0 0 21 32\" preserveAspectRatio=\"xMidYMid meet\" aria-labelledby='av-svg-title-5' aria-describedby='av-svg-desc-5' role=\"graphics-symbol\">\n<title id='av-svg-title-5'>Check<\/title>\n<desc id='av-svg-desc-5'>Check<\/desc>\n<path d=\"M7.968 27.2q-1.088 0-1.792-0.896l-5.76-7.552q-0.512-0.768-0.384-1.664t0.832-1.472 1.632-0.448 1.504 0.896l3.776 4.928 9.472-15.168q0.512-0.768 1.376-0.96t1.696 0.256q0.768 0.512 0.96 1.376t-0.256 1.696l-11.2 17.92q-0.64 1.024-1.792 1.024z\"><\/path>\n<\/svg><\/div><div class=\"iconbox_content\"><header class=\"entry-content-header\" aria-label=\"Icon: Mobile Verfu\u0308gbarkeit &amp; Remote-Zugriff\"><h3 class='iconbox_content_title '  itemprop=\"headline\" >Mobile Verfu\u0308gbarkeit &amp; Remote-Zugriff<\/h3><\/header><div class='iconbox_content_container '  itemprop=\"text\" ><p>Responsives Design und volle Nutzbarkeit u\u0308ber Smartphone, Tablet oder Laptop \u2013 weltweit.<\/p>\n<ul>\n<li>Ideal fu\u0308r Au\u00dfendienst, Homeoffice oder internationale Teams.<\/li>\n<li>Keine zus\u00e4tzliche App n\u00f6tig \u2013 alles l\u00e4uft im Browser.<\/li>\n<li>So bleibt Ihr Team auch unterwegs produktiv.<\/li>\n<\/ul>\n<\/div><\/div><footer class=\"entry-footer\"><\/footer><\/article><\/div><div  class='flex_column av-4vovxs-3c10fc94b4c5120cfb16283dcc01b016 av_one_third  avia-builder-el-24  el_after_av_one_third  avia-builder-el-last  flex_column_div av-animated-generic bottom-to-top  '     ><article  class='iconbox iconbox_left_content av-2e8xq8-e1276110f5e68bc1690ae6fbc1cbb63e  avia-builder-el-25  avia-builder-el-no-sibling '  itemscope=\"itemscope\" itemtype=\"https:\/\/schema.org\/CreativeWork\" ><div class='iconbox_icon heading-color avia-svg-icon avia-font-svg_entypo-fontello' data-av_svg_icon='check' data-av_iconset='svg_entypo-fontello' ><svg version=\"1.1\" xmlns=\"http:\/\/www.w3.org\/2000\/svg\" width=\"21\" height=\"32\" viewBox=\"0 0 21 32\" preserveAspectRatio=\"xMidYMid meet\" aria-labelledby='av-svg-title-6' aria-describedby='av-svg-desc-6' role=\"graphics-symbol\">\n<title id='av-svg-title-6'>Check<\/title>\n<desc id='av-svg-desc-6'>Check<\/desc>\n<path d=\"M7.968 27.2q-1.088 0-1.792-0.896l-5.76-7.552q-0.512-0.768-0.384-1.664t0.832-1.472 1.632-0.448 1.504 0.896l3.776 4.928 9.472-15.168q0.512-0.768 1.376-0.96t1.696 0.256q0.768 0.512 0.96 1.376t-0.256 1.696l-11.2 17.92q-0.64 1.024-1.792 1.024z\"><\/path>\n<\/svg><\/div><div class=\"iconbox_content\"><header class=\"entry-content-header\" aria-label=\"Icon: Integration bestehender Systeme\"><h3 class='iconbox_content_title '  itemprop=\"headline\" >Integration bestehender Systeme<\/h3><\/header><div class='iconbox_content_container '  itemprop=\"text\" ><p>Anbindung an ERP-, CRM- und HR-Systeme u\u0308ber moderne Schnittstellen (REST, SOAP, API).<\/p>\n<ul>\n<li>Automatischer Datenaustausch und weniger Doppelerfassungen.<\/li>\n<li>Beschleunigt Gesch\u00e4ftsprozesse und erh\u00f6ht Datenqualit\u00e4t.<\/li>\n<li>Ihre Systeme arbeiten nahtlos zusammen \u2013 ohne Medienbru\u0308che.<\/li>\n<\/ul>\n<\/div><\/div><footer class=\"entry-footer\"><\/footer><\/article><\/div>\n<\/p>\n<\/div><\/div><\/div><!-- close content main div --><\/div><\/div><div id='av_section_2'  class='avia-section av-mdpv2vrm-2a2854f82b9b2441493fd9ac42b291b0 alternate_color avia-section-large avia-no-border-styling  avia-builder-el-26  el_after_av_section  avia-builder-el-last  avia-bg-style-scroll container_wrap fullsize'  ><div class='container av-section-cont-open' ><div class='template-page content  av-content-full alpha units'><div class='post-entry post-entry-type-page post-entry-3936'><div class='entry-content-wrapper clearfix'>\n<div class='flex_column_table av-16kfh8n-d00ab865924ad70b1c1bc55b114ea6ed sc-av_one_half av-equal-height-column-flextable'><div  class='flex_column av-16kfh8n-d00ab865924ad70b1c1bc55b114ea6ed av_one_half  avia-builder-el-27  el_before_av_one_half  avia-builder-el-first  first flex_column_table_cell av-equal-height-column av-align-middle av-animated-generic bottom-to-top avia-full-stretch  '     ><style type=\"text\/css\" data-created_by=\"avia_inline_auto\" id=\"style-css-av-mdpp74zt-a766a352b39881ca8265243747531fc3\">\n.avia-image-container.av-mdpp74zt-a766a352b39881ca8265243747531fc3 img.avia_image{\nbox-shadow:none;\n}\n.avia-image-container.av-mdpp74zt-a766a352b39881ca8265243747531fc3 .av-image-caption-overlay-center{\ncolor:#ffffff;\n}\n<\/style>\n<div  class='avia-image-container av-mdpp74zt-a766a352b39881ca8265243747531fc3 av-styling- avia_animated_image av-animated-when-visible-95 bottom-to-top avia-align-center  avia-builder-el-28  avia-builder-el-no-sibling '   itemprop=\"image\" itemscope=\"itemscope\" itemtype=\"https:\/\/schema.org\/ImageObject\" ><div class=\"avia-image-container-inner\"><div class=\"avia-image-overlay-wrap\"><img decoding=\"async\" fetchpriority=\"high\" class='wp-image-3591 avia-img-lazy-loading-not-3591 avia_image ' src=\"http:\/\/designplanung.de\/projekt-012\/wp-content\/uploads\/2025\/05\/team-1030x565.jpg\" alt='' title='team'  height=\"565\" width=\"1030\"  itemprop=\"thumbnailUrl\" srcset=\"http:\/\/designplanung.de\/projekt-012\/wp-content\/uploads\/2025\/05\/team-1030x565.jpg 1030w, http:\/\/designplanung.de\/projekt-012\/wp-content\/uploads\/2025\/05\/team-300x164.jpg 300w, http:\/\/designplanung.de\/projekt-012\/wp-content\/uploads\/2025\/05\/team-768x421.jpg 768w, http:\/\/designplanung.de\/projekt-012\/wp-content\/uploads\/2025\/05\/team-1536x842.jpg 1536w, http:\/\/designplanung.de\/projekt-012\/wp-content\/uploads\/2025\/05\/team-1500x822.jpg 1500w, http:\/\/designplanung.de\/projekt-012\/wp-content\/uploads\/2025\/05\/team-705x386.jpg 705w, http:\/\/designplanung.de\/projekt-012\/wp-content\/uploads\/2025\/05\/team.jpg 1600w\" sizes=\"(max-width: 1030px) 100vw, 1030px\" \/><\/div><\/div><\/div><\/div><div class='av-flex-placeholder'><\/div><div  class='flex_column av-3kgs7b-ccaa2f042ab5d533361c4fe86fcc3652 av_one_half  avia-builder-el-29  el_after_av_one_half  avia-builder-el-last  flex_column_table_cell av-equal-height-column av-align-middle av-animated-generic bottom-to-top  '     ><section  class='av_textblock_section av-9vg7r-fc20490985bd5db2bd3bbadaa9d42b6b '   itemscope=\"itemscope\" itemtype=\"https:\/\/schema.org\/CreativeWork\" ><div class='avia_textblock'  itemprop=\"text\" ><h3>Sie m\u00f6chten mehr erfahren?<\/h3>\n<p>Lassen Sie sich kostenlos beraten \u2013 wir zeigen Ihnen, wie ein modernes Intranet Ihre Prozesse optimieren kann.<\/p>\n<\/div><\/section><\/div><\/div><!--close column table wrapper. Autoclose: 1 -->\n\n","protected":false},"excerpt":{"rendered":"","protected":false},"author":10,"featured_media":0,"parent":3645,"menu_order":0,"comment_status":"closed","ping_status":"closed","template":"","meta":{"footnotes":""},"class_list":["post-3936","page","type-page","status-publish","hentry"],"_links":{"self":[{"href":"http:\/\/designplanung.de\/projekt-012\/wp-json\/wp\/v2\/pages\/3936","targetHints":{"allow":["GET"]}}],"collection":[{"href":"http:\/\/designplanung.de\/projekt-012\/wp-json\/wp\/v2\/pages"}],"about":[{"href":"http:\/\/designplanung.de\/projekt-012\/wp-json\/wp\/v2\/types\/page"}],"author":[{"embeddable":true,"href":"http:\/\/designplanung.de\/projekt-012\/wp-json\/wp\/v2\/users\/10"}],"replies":[{"embeddable":true,"href":"http:\/\/designplanung.de\/projekt-012\/wp-json\/wp\/v2\/comments?post=3936"}],"version-history":[{"count":19,"href":"http:\/\/designplanung.de\/projekt-012\/wp-json\/wp\/v2\/pages\/3936\/revisions"}],"predecessor-version":[{"id":3983,"href":"http:\/\/designplanung.de\/projekt-012\/wp-json\/wp\/v2\/pages\/3936\/revisions\/3983"}],"up":[{"embeddable":true,"href":"http:\/\/designplanung.de\/projekt-012\/wp-json\/wp\/v2\/pages\/3645"}],"wp:attachment":[{"href":"http:\/\/designplanung.de\/projekt-012\/wp-json\/wp\/v2\/media?parent=3936"}],"curies":[{"name":"wp","href":"https:\/\/api.w.org\/{rel}","templated":true}]}}