{"id":3970,"date":"2025-07-30T15:44:16","date_gmt":"2025-07-30T13:44:16","guid":{"rendered":"http:\/\/designplanung.de\/projekt-012\/?page_id=3970"},"modified":"2025-07-30T15:46:03","modified_gmt":"2025-07-30T13:46:03","slug":"anwendungsbetreuung-wartung","status":"publish","type":"page","link":"http:\/\/designplanung.de\/projekt-012\/leistungen-service\/anwendungsbetreuung-wartung\/","title":{"rendered":"Anwendungsbetreuung\/ Wartung"},"content":{"rendered":"<div id='full_slider_1'  class='avia-fullwidth-slider main_color avia-shadow   avia-builder-el-0  el_before_av_layout_row  avia-builder-el-first   container_wrap fullsize'  >\n<style type=\"text\/css\" data-created_by=\"avia_inline_auto\" id=\"style-css-av-mdps5b60-395b4fc37af04e983d4c3f499d6c6370\">\n#top #wrap_all .avia-slideshow .av-slideshow-caption.av-mdps5b60-395b4fc37af04e983d4c3f499d6c6370__0 .avia-caption-title{\ncolor:#ffffff;\n}\n#top .avia-slideshow .av-slideshow-caption.av-mdps5b60-395b4fc37af04e983d4c3f499d6c6370__0 .avia-caption-content{\ncolor:#ffffff;\n}\n\n@media only screen and (min-width: 990px){ \n#top #wrap_all .avia-slideshow .av-slideshow-caption.av-mdps5b60-395b4fc37af04e983d4c3f499d6c6370__0 .avia-caption-title{\nfont-size:63px;\n}\n}\n\n@media only screen and (max-width: 479px){ \n#top #wrap_all .avia-slideshow .av-slideshow-caption.av-mdps5b60-395b4fc37af04e983d4c3f499d6c6370__0 .avia-caption-title{\nfont-size:25px;\n}\n#top .avia-slideshow .av-slideshow-caption.av-mdps5b60-395b4fc37af04e983d4c3f499d6c6370__0 .avia-caption-content{\nfont-size:15px;\n}\n#top .avia-slideshow .av-slideshow-caption.av-mdps5b60-395b4fc37af04e983d4c3f499d6c6370__0 .avia-caption-content p{\nfont-size:15px;\n}\n}\n<\/style>\n<div  class='avia-slideshow av-mdps5b60-395b4fc37af04e983d4c3f499d6c6370 avia-slideshow-featured_large av_slideshow_full avia-fade-slider av-slideshow-ui av-control-default av-slideshow-autoplay av-loop-endless av-loop-manual-endless av-default-height-applied   avia-slideshow-1' data-slideshow-options=\"{&quot;animation&quot;:&quot;fade&quot;,&quot;autoplay&quot;:true,&quot;loop_autoplay&quot;:&quot;endless&quot;,&quot;interval&quot;:7,&quot;loop_manual&quot;:&quot;manual-endless&quot;,&quot;autoplay_stopper&quot;:false,&quot;noNavigation&quot;:false,&quot;bg_slider&quot;:false,&quot;transitionSpeed&quot;:3000,&quot;keep_padding&quot;:false,&quot;hoverpause&quot;:false,&quot;show_slide_delay&quot;:0}\"  itemprop=\"image\" itemscope=\"itemscope\" itemtype=\"https:\/\/schema.org\/ImageObject\" ><ul class='avia-slideshow-inner ' style='padding-bottom: 42%;'><li  class='avia-slideshow-slide av-mdps5b60-395b4fc37af04e983d4c3f499d6c6370__0  av-single-slide slide-1 slide-odd'><div data-rel='slideshow-1' class='avia-slide-wrap '   ><div class='av-slideshow-caption av-mdps5b60-395b4fc37af04e983d4c3f499d6c6370__0 caption_fullwidth caption_left'><div class=\"container caption_container\"><div class=\"slideshow_caption\"><div class=\"slideshow_inner_caption\"><div class=\"slideshow_align_caption\"><h1 class='avia-caption-title '  itemprop=\"name\" >Anwendungsbetreuung\/ Wartung<\/h1><div class='avia-caption-content av_inherit_color'  itemprop=\"description\" ><p>Eine Subline kommt sp\u00e4ter<\/p>\n<\/div><a href=''  class='avia-slideshow-button avia-button avia-color-theme-color ' data-duration='800' data-easing='easeInOutQuad'>Ihr Projekt besprechen<\/a><\/div><\/div><\/div><\/div><\/div><img decoding=\"async\" fetchpriority=\"high\" class=\"wp-image-3891 avia-img-lazy-loading-not-3891\"  src=\"http:\/\/designplanung.de\/projekt-012\/wp-content\/uploads\/2025\/06\/Banner-7-1500x630.jpg\" width=\"1500\" height=\"630\" title='Banner-7' alt=''  itemprop=\"thumbnailUrl\" srcset=\"http:\/\/designplanung.de\/projekt-012\/wp-content\/uploads\/2025\/06\/Banner-7-1500x630.jpg 1500w, http:\/\/designplanung.de\/projekt-012\/wp-content\/uploads\/2025\/06\/Banner-7-300x125.jpg 300w\" sizes=\"(max-width: 1500px) 100vw, 1500px\" \/><div class='av-section-color-overlay' style='opacity: 0.7; background-color: #000000; '><\/div><\/div><\/li><\/ul><\/div><\/div>\n<div id='av-layout-grid-1'  class='av-layout-grid-container av-1yuw03u-54de08950da36f441349ff9c0227d584 entry-content-wrapper main_color av-flex-cells  avia-builder-el-1  el_after_av_slideshow_full  el_before_av_layout_row  grid-row-not-first  container_wrap fullsize'  >\n\n<style type=\"text\/css\" data-created_by=\"avia_inline_auto\" id=\"style-css-av-1wgcv1m-a5c1930d025d20c7b9b246df4aaf0868\">\n.flex_cell.av-1wgcv1m-a5c1930d025d20c7b9b246df4aaf0868{\nvertical-align:top;\nheight:10px;\nmin-height:10px;\nbackground-color:#e2003c;\n}\n.responsive #top #wrap_all .flex_cell.av-1wgcv1m-a5c1930d025d20c7b9b246df4aaf0868{\npadding:4px 4px 4px 4px !important;\n}\n<\/style>\n<div class='flex_cell av-1wgcv1m-a5c1930d025d20c7b9b246df4aaf0868 av-gridrow-cell av_one_full no_margin  avia-builder-el-2  avia-builder-el-no-sibling  content-align-top'  ><div class='flex_cell_inner'><\/div><\/div>\n<\/div>\n<div id='av-layout-grid-2'  class='av-layout-grid-container av-1v8pcyy-6d99a38a143164b7979479a1e958bd73 entry-content-wrapper main_color av-flex-cells  avia-builder-el-3  el_after_av_layout_row  el_before_av_section  grid-row-not-first  container_wrap fullsize'  >\n\n<style type=\"text\/css\" data-created_by=\"avia_inline_auto\" id=\"style-css-av-1u1dfka-3dc45dee20de72addce4f8f4d9752fe6\">\n.flex_cell.av-1u1dfka-3dc45dee20de72addce4f8f4d9752fe6{\nvertical-align:top;\n}\n.responsive #top #wrap_all .flex_cell.av-1u1dfka-3dc45dee20de72addce4f8f4d9752fe6{\npadding:0px 0px 0px 0px !important;\n}\n<\/style>\n<div class='flex_cell av-1u1dfka-3dc45dee20de72addce4f8f4d9752fe6 av-gridrow-cell av_one_full no_margin  avia-builder-el-4  avia-builder-el-no-sibling  content-align-top av-zero-padding'  ><div class='flex_cell_inner'>\n<style type=\"text\/css\" data-created_by=\"avia_inline_auto\" id=\"style-css-av-1rcwcp6-8ddc5d19128ea291a06b40c977911d5b\">\n.avia-image-container.av-1rcwcp6-8ddc5d19128ea291a06b40c977911d5b img.avia_image{\nbox-shadow:none;\n}\n.avia-image-container.av-1rcwcp6-8ddc5d19128ea291a06b40c977911d5b .av-image-caption-overlay-center{\ncolor:#ffffff;\n}\n<\/style>\n<div  class='avia-image-container av-1rcwcp6-8ddc5d19128ea291a06b40c977911d5b av-styling- avia-align-center  avia-builder-el-5  avia-builder-el-no-sibling '   itemprop=\"image\" itemscope=\"itemscope\" itemtype=\"https:\/\/schema.org\/ImageObject\" ><div class=\"avia-image-container-inner\"><div class=\"avia-image-overlay-wrap\"><img decoding=\"async\" fetchpriority=\"high\" class='wp-image-3570 avia-img-lazy-loading-not-3570 avia_image ' src=\"http:\/\/designplanung.de\/projekt-012\/wp-content\/uploads\/2025\/05\/beispiele.png\" alt='' title='beispiele'  height=\"87\" width=\"1774\"  itemprop=\"thumbnailUrl\" srcset=\"http:\/\/designplanung.de\/projekt-012\/wp-content\/uploads\/2025\/05\/beispiele.png 1774w, http:\/\/designplanung.de\/projekt-012\/wp-content\/uploads\/2025\/05\/beispiele-300x15.png 300w, http:\/\/designplanung.de\/projekt-012\/wp-content\/uploads\/2025\/05\/beispiele-1030x51.png 1030w, http:\/\/designplanung.de\/projekt-012\/wp-content\/uploads\/2025\/05\/beispiele-768x38.png 768w, http:\/\/designplanung.de\/projekt-012\/wp-content\/uploads\/2025\/05\/beispiele-1536x75.png 1536w, http:\/\/designplanung.de\/projekt-012\/wp-content\/uploads\/2025\/05\/beispiele-1500x74.png 1500w, http:\/\/designplanung.de\/projekt-012\/wp-content\/uploads\/2025\/05\/beispiele-705x35.png 705w\" sizes=\"(max-width: 1774px) 100vw, 1774px\" \/><\/div><\/div><\/div>\n<\/div><\/div>\n<\/div>\n<div id='av_section_1'  class='avia-section av-1pjxqvu-96f3bd3c3e35cf9e5c7bc1de59b92372 main_color avia-section-large avia-no-border-styling  avia-builder-el-6  el_after_av_layout_row  el_before_av_layout_row  avia-bg-style-scroll container_wrap fullsize'  ><div class='container av-section-cont-open' ><div class='template-page content  av-content-full alpha units'><div class='post-entry post-entry-type-page post-entry-3970'><div class='entry-content-wrapper clearfix'>\n<div class='flex_column_table av-1orhnlm-8fd7709e3f6759aec617b0bce918d03a sc-av_one_half av-equal-height-column-flextable'><div  class='flex_column av-1orhnlm-8fd7709e3f6759aec617b0bce918d03a av_one_half  avia-builder-el-7  el_before_av_one_half  avia-builder-el-first  first flex_column_table_cell av-equal-height-column av-align-middle av-animated-generic bottom-to-top  '     ><section  class='av_textblock_section av-1mm9b0a-553d048052c9aac461c2e2b34bb4fd3c '   itemscope=\"itemscope\" itemtype=\"https:\/\/schema.org\/CreativeWork\" ><div class='avia_textblock'  itemprop=\"text\" ><h1>Anwendungsbetreuung\/ Wartung<\/h1>\n<p><em>bitte stichpunktartig auffu\u0308hren, welche Leistungen erbracht werden, der alte Text unten ist mE nicht mehr zutreffend.<\/em><br \/>\nAlt:<br \/>\nDer Service als Einzelleistung kann fu\u0308r Unternehmen interessant sein, die zwar eine eigene IT-Abteilung haben, die jedoch vorrangig mit anderen Aufgaben als der regelm\u00e4\u00dfigen Systemu\u0308berwachung befasst sind. Diese Aufgabe kann von uns extern u\u0308bernommen werden. Im Falle von Auff\u00e4lligkeiten k\u00f6nnen wir Ihre Mitarbeiter informieren. Falls keine eigenen Mitarbeiter zur verfu\u0308gung stehen, bietet die Kombination mit dem Modul IT- Systembetreuung den kompletten Service einschlie\u00dflich Probleml\u00f6sung durch uns ab.<\/p>\n<p><strong>Vermeiden von Funktionsst\u00f6rungen und Systemausf\u00e4llen durch regelm\u00e4\u00dfige Kontrolle<\/strong><\/p>\n<ul>\n<li>Funktionsu\u0308berwachung<\/li>\n<li>\u00dcberwachung der Datensicherung<\/li>\n<li>regelm\u00e4\u00dfige Systemchecks<\/li>\n<li>Fernwartung, Telefonsupport, Vor-Ort Service<\/li>\n<\/ul>\n<\/div><\/section><\/div><div class='av-flex-placeholder'><\/div><div  class='flex_column av-1l4y5i2-10fc0ad195bcebccd95e2bc58e31539a av_one_half  avia-builder-el-9  el_after_av_one_half  el_before_av_hr  flex_column_table_cell av-equal-height-column av-align-middle  '     ><\/div><\/div><!--close column table wrapper. Autoclose: 1 --><div  class='hr av-4dt8my-3e2eeba535eab59965f1c5cfd8851add hr-default  avia-builder-el-10  el_after_av_one_half  el_before_av_one_half '><span class='hr-inner '><span class=\"hr-inner-style\"><\/span><\/span><\/div>\n<div  class='flex_column av-16eona2-5ddf9864e59be8502852c310ab20ef11 av_one_half  avia-builder-el-11  el_after_av_hr  el_before_av_one_half  first flex_column_div av-animated-generic bottom-to-top  '     ><section  class='av_textblock_section av-mdps8w70-16f6e8ad173470c849fa9fd4950719c0 '   itemscope=\"itemscope\" itemtype=\"https:\/\/schema.org\/CreativeWork\" ><div class='avia_textblock'  itemprop=\"text\" ><h2>Diese Seite ben\u00f6tigt noch Inhalt. Vielleicht ist ja hier etwas davon dabei:<\/h2>\n<\/div><\/section><\/div><div  class='flex_column av-1uvpey-bc304f7b141be4df00df343de1f26187 av_one_half  avia-builder-el-13  el_after_av_one_half  avia-builder-el-last  flex_column_div av-animated-generic bottom-to-top  '     ><\/div>\n\n<\/div><\/div><\/div><!-- close content main div --><\/div><\/div><div id='av-layout-grid-3'  class='av-layout-grid-container av-13nb6p6-cef0b15dac1246c612f01362d9d07cbd entry-content-wrapper main_color av-flex-cells av-break-at-tablet  avia-builder-el-14  el_after_av_section  el_before_av_section  grid-row-not-first  container_wrap fullsize'  >\n\n<style type=\"text\/css\" data-created_by=\"avia_inline_auto\" id=\"style-css-av-11skhsa-e4fc55cb5c4e3a770b60faba16b96788\">\n.flex_cell.av-11skhsa-e4fc55cb5c4e3a770b60faba16b96788{\nvertical-align:top;\nbackground-color:#e0e0e0;\n}\n.responsive #top #wrap_all .flex_cell.av-11skhsa-e4fc55cb5c4e3a770b60faba16b96788{\npadding:1% 3% 1% 3% !important;\n}\n<\/style>\n<div class='flex_cell av-11skhsa-e4fc55cb5c4e3a770b60faba16b96788 av-gridrow-cell av_one_full no_margin  avia-builder-el-15  avia-builder-el-no-sibling  content-align-top'  ><div class='flex_cell_inner'><div  class='flex_column av-3i7c4q-db090d1f710536deadbec8a3ad5f024e av_one_full  avia-builder-el-16  avia-builder-el-no-sibling  first flex_column_div av-animated-generic bottom-to-top  '     ><div  class='avia-testimonial-wrapper av-yej9x6-123d07bd3432b5ddaecc9f8e1af4e3df avia-grid-testimonials avia-grid-3-testimonials avia_animate_when_almost_visible' >\n<section class=\"avia-testimonial-row\"><div class='avia-testimonial av-wcpb6y-467700a231826db885c97fcb1cc8dd60 avia-testimonial-row-1 avia-first-testimonial flex_column no_margin av_one_third'><div class='avia-testimonial_inner'  itemscope=\"itemscope\" itemtype=\"https:\/\/schema.org\/CreativeWork\" ><div class='avia-testimonial-image'  itemprop=\"image\" ><img loading=\"lazy\" decoding=\"async\" width=\"180\" height=\"180\" src=\"http:\/\/designplanung.de\/projekt-012\/wp-content\/uploads\/2025\/05\/team-180x180.jpg\" class=\"attachment-square size-square\" alt=\"\" srcset=\"http:\/\/designplanung.de\/projekt-012\/wp-content\/uploads\/2025\/05\/team-180x180.jpg 180w, http:\/\/designplanung.de\/projekt-012\/wp-content\/uploads\/2025\/05\/team-80x80.jpg 80w, http:\/\/designplanung.de\/projekt-012\/wp-content\/uploads\/2025\/05\/team-36x36.jpg 36w\" sizes=\"auto, (max-width: 180px) 100vw, 180px\" \/><\/div><div class='avia-testimonial-content '><div class='avia-testimonial-markup-entry-content'  itemprop=\"text\" ><p>Flexibler Service, Kreativit\u00e4t und Zuverl\u00e4ssigkeit. Das sind die drei Eckpunkte, die die Zusammenarbeit mit PiSolution so angenehm machen. Und &#8211; bei PiSolution gilt das Toyota-Prinzip &#8211; &#8222;Nichts ist unm\u00f6glich&#8220;. Was kann man sich von einer Softwarefirma schon mehr w\u00fcnschen. Wir freuen uns jedenfalls schon auf die n\u00e4chsten gemeinsamen Projekte und Produkte.<\/p>\n<\/div><\/div><div class=\"avia-testimonial-meta\"><div class=\"avia-testimonial-arrow-wrap\"><div class=\"avia-arrow\"><\/div><\/div><div class='avia-testimonial-meta-mini'  itemprop=\"author\" itemscope=\"itemscope\" itemtype=\"https:\/\/schema.org\/Person\" ><strong  class='avia-testimonial-name'  itemprop=\"name\" >Prof. Makeschin<\/strong><span  class='avia-testimonial-subtitle '  itemprop=\"jobTitle\" >TU Dresden, Dr. Christine F\u00fcrst, ZEF Uni Bonn<\/span><\/div><\/div><\/div><\/div>\n<div class='avia-testimonial av-v8bwnu-21c914b1309eba478ea80b478cebd20c avia-testimonial-row-1 flex_column no_margin av_one_third'><div class='avia-testimonial_inner'  itemscope=\"itemscope\" itemtype=\"https:\/\/schema.org\/CreativeWork\" ><div class='avia-testimonial-image'  itemprop=\"image\" ><img loading=\"lazy\" decoding=\"async\" width=\"180\" height=\"180\" src=\"http:\/\/designplanung.de\/projekt-012\/wp-content\/uploads\/2025\/05\/team-180x180.jpg\" class=\"attachment-square size-square\" alt=\"\" srcset=\"http:\/\/designplanung.de\/projekt-012\/wp-content\/uploads\/2025\/05\/team-180x180.jpg 180w, http:\/\/designplanung.de\/projekt-012\/wp-content\/uploads\/2025\/05\/team-80x80.jpg 80w, http:\/\/designplanung.de\/projekt-012\/wp-content\/uploads\/2025\/05\/team-36x36.jpg 36w\" sizes=\"auto, (max-width: 180px) 100vw, 180px\" \/><\/div><div class='avia-testimonial-content '><div class='avia-testimonial-markup-entry-content'  itemprop=\"text\" ><p>Flexibler Service, Kreativit\u00e4t und Zuverl\u00e4ssigkeit. Das sind die drei Eckpunkte, die die Zusammenarbeit mit PiSolution so angenehm machen. Und &#8211; bei PiSolution gilt das Toyota-Prinzip &#8211; &#8222;Nichts ist unm\u00f6glich&#8220;. Was kann man sich von einer Softwarefirma schon mehr w\u00fcnschen. Wir freuen uns jedenfalls schon auf die n\u00e4chsten gemeinsamen Projekte und Produkte.<\/p>\n<\/div><\/div><div class=\"avia-testimonial-meta\"><div class=\"avia-testimonial-arrow-wrap\"><div class=\"avia-arrow\"><\/div><\/div><div class='avia-testimonial-meta-mini'  itemprop=\"author\" itemscope=\"itemscope\" itemtype=\"https:\/\/schema.org\/Person\" ><strong  class='avia-testimonial-name'  itemprop=\"name\" >Prof. Makeschin<\/strong><span  class='avia-testimonial-subtitle '  itemprop=\"jobTitle\" >TU Dresden, Dr. Christine F\u00fcrst, ZEF Uni Bonn<\/span><\/div><\/div><\/div><\/div>\n<div class='avia-testimonial av-sokd6y-9b52a93133889e29a758dcd45bfc0ff3 avia-testimonial-row-1 avia-last-testimonial flex_column no_margin av_one_third'><div class='avia-testimonial_inner'  itemscope=\"itemscope\" itemtype=\"https:\/\/schema.org\/CreativeWork\" ><div class='avia-testimonial-image'  itemprop=\"image\" ><img loading=\"lazy\" decoding=\"async\" width=\"180\" height=\"180\" src=\"http:\/\/designplanung.de\/projekt-012\/wp-content\/uploads\/2025\/05\/team-180x180.jpg\" class=\"attachment-square size-square\" alt=\"\" srcset=\"http:\/\/designplanung.de\/projekt-012\/wp-content\/uploads\/2025\/05\/team-180x180.jpg 180w, http:\/\/designplanung.de\/projekt-012\/wp-content\/uploads\/2025\/05\/team-80x80.jpg 80w, http:\/\/designplanung.de\/projekt-012\/wp-content\/uploads\/2025\/05\/team-36x36.jpg 36w\" sizes=\"auto, (max-width: 180px) 100vw, 180px\" \/><\/div><div class='avia-testimonial-content '><div class='avia-testimonial-markup-entry-content'  itemprop=\"text\" ><p>Flexibler Service, Kreativit\u00e4t und Zuverl\u00e4ssigkeit. Das sind die drei Eckpunkte, die die Zusammenarbeit mit PiSolution so angenehm machen. Und &#8211; bei PiSolution gilt das Toyota-Prinzip &#8211; &#8222;Nichts ist unm\u00f6glich&#8220;. Was kann man sich von einer Softwarefirma schon mehr w\u00fcnschen. Wir freuen uns jedenfalls schon auf die n\u00e4chsten gemeinsamen Projekte und Produkte.<\/p>\n<\/div><\/div><div class=\"avia-testimonial-meta\"><div class=\"avia-testimonial-arrow-wrap\"><div class=\"avia-arrow\"><\/div><\/div><div class='avia-testimonial-meta-mini'  itemprop=\"author\" itemscope=\"itemscope\" itemtype=\"https:\/\/schema.org\/Person\" ><strong  class='avia-testimonial-name'  itemprop=\"name\" >Prof. Makeschin<\/strong><span  class='avia-testimonial-subtitle '  itemprop=\"jobTitle\" >TU Dresden, Dr. Christine F\u00fcrst, ZEF Uni Bonn<\/span><\/div><\/div><\/div><\/div><\/section>\n<\/div><\/div>\n<\/div><\/div>\n<\/div>\n<div id='av_section_2'  class='avia-section av-iins8a-726b481432f742c4891b2bdf3baf2a34 main_color avia-section-large avia-no-border-styling  avia-builder-el-18  el_after_av_layout_row  avia-builder-el-last  avia-bg-style-scroll container_wrap fullsize'  ><div class='container av-section-cont-open' ><div class='template-page content  av-content-full alpha units'><div class='post-entry post-entry-type-page post-entry-3970'><div class='entry-content-wrapper clearfix'>\n<div class='flex_column_table av-i0fx4a-da9cc5440c09425628bfb2c7156da438 sc-av_one_half av-equal-height-column-flextable'><div  class='flex_column av-i0fx4a-da9cc5440c09425628bfb2c7156da438 av_one_half  avia-builder-el-19  el_before_av_one_half  avia-builder-el-first  first flex_column_table_cell av-equal-height-column av-align-bottom av-animated-generic bottom-to-top  '     ><style type=\"text\/css\" data-created_by=\"avia_inline_auto\" id=\"style-css-av-fl1hii-207e3dce4bae2ddb8a6fe5d67e45e741\">\nbody .av-special-heading.av-fl1hii-207e3dce4bae2ddb8a6fe5d67e45e741 .av-special-heading-tag .heading-char{\nfont-size:25px;\n}\n.av-special-heading.av-fl1hii-207e3dce4bae2ddb8a6fe5d67e45e741 .av-subheading{\nfont-size:15px;\n}\n<\/style>\n<div  class='av-special-heading av-fl1hii-207e3dce4bae2ddb8a6fe5d67e45e741 av-special-heading-h3 blockquote modern-quote  avia-builder-el-20  avia-builder-el-no-sibling '><h3 class='av-special-heading-tag '  itemprop=\"headline\"  >Auszug Referenzen<\/h3><div class=\"special-heading-border\"><div class=\"special-heading-inner-border\"><\/div><\/div><\/div><\/div><div class='av-flex-placeholder'><\/div><div  class='flex_column av-1cdzd6-08042cb168cc8c40ae62bf010d231940 av_one_half  avia-builder-el-21  el_after_av_one_half  el_before_av_hr  flex_column_table_cell av-equal-height-column av-align-bottom av-animated-generic bottom-to-top  '     ><section  class='av_textblock_section av-czh02y-ac238ef2c1242eabdb3ae5f877fd7aba '   itemscope=\"itemscope\" itemtype=\"https:\/\/schema.org\/CreativeWork\" ><div class='avia_textblock'  itemprop=\"text\" ><p style=\"text-align: right;\">Weitere Einzelheiten teilen wir gern auf Anfrage mit.<\/p>\n<\/div><\/section><br \/>\n<div  class='avia-button-wrap av-agzbui-44ec8425c8c97e17ab3623a74f17c697-wrap avia-button-right  avia-builder-el-23  el_after_av_textblock  avia-builder-el-last '><a href=''  class='avia-button av-agzbui-44ec8425c8c97e17ab3623a74f17c697 av-link-btn avia-icon_select-no avia-size-medium avia-position-right avia-color-theme-color'   aria-label=\"Anfrage\"><span class='avia_iconbox_title' >Anfrage<\/span><\/a><\/div><\/p><\/div><\/div><!--close column table wrapper. Autoclose: 1 --><div  class='hr av-x0zyi-04a1a827db38c5bb1d242a9209b050d1 hr-default  avia-builder-el-24  el_after_av_one_half  el_before_av_one_half '><span class='hr-inner '><span class=\"hr-inner-style\"><\/span><\/span><\/div>\n<div  class='flex_column av-78hvca-5f2e6332dba5a3760e0b3fcb9945af6e av_one_half  avia-builder-el-25  el_after_av_hr  el_before_av_one_half  first flex_column_div av-animated-generic bottom-to-top  '     ><section  class='av_textblock_section av-m7jwa-0ea9fc173f4c44656f499fba04174530 '   itemscope=\"itemscope\" itemtype=\"https:\/\/schema.org\/CreativeWork\" ><div class='avia_textblock'  itemprop=\"text\" ><h3>Labore<\/h3>\n<ul>\n<li>Prozessoptimierung der Datenerfassung und Einf\u00fchrung von LIMS \/ Hardware- und Softwareevaluierung<\/li>\n<\/ul>\n<h3>Banken<\/h3>\n<ul>\n<li>Beratung zu Prozessoptimierung, Datenmigration in Handelssystemen, Kommunikationsprozesse und Reportsysteme<\/li>\n<\/ul>\n<h3>Automatisierungs- Unternehmen<\/h3>\n<ul>\n<li>Mediation in einem gro\u00dfen eGovernment Projekt<\/li>\n<\/ul>\n<\/div><\/section><\/div><div  class='flex_column av-3nsli2-409d683168b2f9c77461dad488910c92 av_one_half  avia-builder-el-27  el_after_av_one_half  avia-builder-el-last  flex_column_div av-animated-generic bottom-to-top  '     ><section  class='av_textblock_section av-2obszu-defbaf8687703cb1a9f8e1134374457a '   itemscope=\"itemscope\" itemtype=\"https:\/\/schema.org\/CreativeWork\" ><div class='avia_textblock'  itemprop=\"text\" ><h3>Wissenschaft<\/h3>\n<ul>\n<li>Konzept f\u00fcr eLearning Instrumente und Marketingkonzepte f\u00fcr wissenschaftliche Projekte<\/li>\n<\/ul>\n<h3>Start up&#8217;s<\/h3>\n<ul>\n<li>Marketingkonzepte und eCommerce<\/li>\n<\/ul>\n<\/div><\/section><\/div>\n\n","protected":false},"excerpt":{"rendered":"","protected":false},"author":10,"featured_media":0,"parent":3645,"menu_order":0,"comment_status":"closed","ping_status":"closed","template":"","meta":{"footnotes":""},"class_list":["post-3970","page","type-page","status-publish","hentry"],"_links":{"self":[{"href":"http:\/\/designplanung.de\/projekt-012\/wp-json\/wp\/v2\/pages\/3970","targetHints":{"allow":["GET"]}}],"collection":[{"href":"http:\/\/designplanung.de\/projekt-012\/wp-json\/wp\/v2\/pages"}],"about":[{"href":"http:\/\/designplanung.de\/projekt-012\/wp-json\/wp\/v2\/types\/page"}],"author":[{"embeddable":true,"href":"http:\/\/designplanung.de\/projekt-012\/wp-json\/wp\/v2\/users\/10"}],"replies":[{"embeddable":true,"href":"http:\/\/designplanung.de\/projekt-012\/wp-json\/wp\/v2\/comments?post=3970"}],"version-history":[{"count":4,"href":"http:\/\/designplanung.de\/projekt-012\/wp-json\/wp\/v2\/pages\/3970\/revisions"}],"predecessor-version":[{"id":4027,"href":"http:\/\/designplanung.de\/projekt-012\/wp-json\/wp\/v2\/pages\/3970\/revisions\/4027"}],"up":[{"embeddable":true,"href":"http:\/\/designplanung.de\/projekt-012\/wp-json\/wp\/v2\/pages\/3645"}],"wp:attachment":[{"href":"http:\/\/designplanung.de\/projekt-012\/wp-json\/wp\/v2\/media?parent=3970"}],"curies":[{"name":"wp","href":"https:\/\/api.w.org\/{rel}","templated":true}]}}