{"id":3134,"date":"2021-09-28T15:28:45","date_gmt":"2021-09-28T13:28:45","guid":{"rendered":"http:\/\/designplanung.de\/projekt-026\/?page_id=3134"},"modified":"2022-06-02T15:09:38","modified_gmt":"2022-06-02T13:09:38","slug":"leistungen","status":"publish","type":"page","link":"http:\/\/designplanung.de\/projekt-026\/leistungen\/","title":{"rendered":"Leistungen"},"content":{"rendered":"<div id='av_section_1'  class='avia-section av-w3qahq-ba5183e2ea06c4cf6de987bc06449b02 footer_color avia-section-small avia-no-border-styling  avia-builder-el-0  el_before_av_section  avia-builder-el-first  avia-bg-style-scroll container_wrap fullsize'  ><div class='container av-section-cont-open' ><main  role=\"main\" itemprop=\"mainContentOfPage\"  class='template-page content  av-content-full alpha units'><div class='post-entry post-entry-type-page post-entry-3134'><div class='entry-content-wrapper clearfix'>\n<div  class='flex_column av-van9la-9a2041b92e07125780d2efc6f69a97d1 av_one_full  avia-builder-el-1  avia-builder-el-no-sibling  first flex_column_div  '     ><style type=\"text\/css\" data-created_by=\"avia_inline_auto\" id=\"style-css-av-t4wp4u-5de11fdd4926df59ef36e3b40f386347\">\n#top .av-special-heading.av-t4wp4u-5de11fdd4926df59ef36e3b40f386347{\npadding-bottom:0;\n}\nbody .av-special-heading.av-t4wp4u-5de11fdd4926df59ef36e3b40f386347 .av-special-heading-tag .heading-char{\nfont-size:25px;\n}\n.av-special-heading.av-t4wp4u-5de11fdd4926df59ef36e3b40f386347 .av-subheading{\nfont-size:15px;\n}\n<\/style>\n<div  class='av-special-heading av-t4wp4u-5de11fdd4926df59ef36e3b40f386347 av-special-heading-h1 blockquote modern-quote  avia-builder-el-2  avia-builder-el-no-sibling '><h1 class='av-special-heading-tag '  itemprop=\"headline\"  >Leistungen<\/h1><div class=\"special-heading-border\"><div class=\"special-heading-inner-border\"><\/div><\/div><\/div><\/div>\n\n<\/div><\/div><\/main><!-- close content main element --><\/div><\/div><div id='av_section_2'  class='avia-section av-mim5z2-412a16744a53844c2aadf2c7a776d0bd main_color avia-section-large avia-no-border-styling  avia-builder-el-3  el_after_av_section  avia-builder-el-last  avia-bg-style-scroll container_wrap fullsize'  ><div class='container av-section-cont-open' ><div class='template-page content  av-content-full alpha units'><div class='post-entry post-entry-type-page post-entry-3134'><div class='entry-content-wrapper clearfix'>\n<div  class='flex_column av-jp46ri-66d7fb29bfd4c75ed5adc928e71793a7 av_two_third  avia-builder-el-4  el_before_av_one_third  avia-builder-el-first  first flex_column_div  '     ><p>\n<style type=\"text\/css\" data-created_by=\"avia_inline_auto\" id=\"style-css-av-l0uuxqqi-8b74cb16859ede28b65404b102049216\">\n#top .av-special-heading.av-l0uuxqqi-8b74cb16859ede28b65404b102049216{\npadding-bottom:20px;\n}\nbody .av-special-heading.av-l0uuxqqi-8b74cb16859ede28b65404b102049216 .av-special-heading-tag .heading-char{\nfont-size:25px;\n}\n.av-special-heading.av-l0uuxqqi-8b74cb16859ede28b65404b102049216 .av-subheading{\nfont-size:15px;\n}\n<\/style>\n<div  class='av-special-heading av-l0uuxqqi-8b74cb16859ede28b65404b102049216 av-special-heading-h2 blockquote modern-quote  avia-builder-el-5  el_before_av_textblock  avia-builder-el-first '><h2 class='av-special-heading-tag '  itemprop=\"headline\"  >Was k\u00f6nnen wir f\u00fcr Sie tun<\/h2><div class=\"special-heading-border\"><div class=\"special-heading-inner-border\"><\/div><\/div><\/div><br \/>\n<section  class='av_textblock_section av-h0tbny-85acb529e7971d1610df9a509cbce119 '   itemscope=\"itemscope\" itemtype=\"https:\/\/schema.org\/CreativeWork\" ><div class='avia_textblock'  itemprop=\"text\" ><p>Hier f\u00e4nde ich etwas einleitenden Text gut. Auch Google m\u00f6chte das, wer kaum was schreibt, wird als nicht so wichtig erachtet. Hier f\u00e4nde ich etwas einleitenden Text gut. Auch Google m\u00f6chte das, wer kaum was schreibt, wird als nicht so wichtig erachtet. Hier f\u00e4nde ich etwas einleitenden Text gut. Auch Google m\u00f6chte das, wer kaum was schreibt, wird als nicht so wichtig erachtet.<\/p>\n<\/div><\/section><br \/>\n<div  class='hr av-2thtwu-dd02b3d6fa9f08f90ae9f2e73571fbe1 hr-default  avia-builder-el-7  el_after_av_textblock  el_before_av_icon_box '><span class='hr-inner '><span class=\"hr-inner-style\"><\/span><\/span><\/div><br \/>\n\n<style type=\"text\/css\" data-created_by=\"avia_inline_auto\" id=\"style-css-av-8hdq0u-18e111cdccf931542c1f23a8ad7c0acd\">\n.iconbox.av-8hdq0u-18e111cdccf931542c1f23a8ad7c0acd .iconbox_icon{\ncolor:#a4aba1;\n}\n#top #wrap_all .iconbox.av-8hdq0u-18e111cdccf931542c1f23a8ad7c0acd .iconbox_content_title{\nfont-size:18px;\n}\n\n@media only screen and (min-width: 768px) and (max-width: 989px){ \n#top #wrap_all .iconbox.av-8hdq0u-18e111cdccf931542c1f23a8ad7c0acd .iconbox_content_title{\nfont-size:18px;\n}\n}\n\n@media only screen and (min-width: 480px) and (max-width: 767px){ \n#top #wrap_all .iconbox.av-8hdq0u-18e111cdccf931542c1f23a8ad7c0acd .iconbox_content_title{\nfont-size:18px;\n}\n}\n\n@media only screen and (max-width: 479px){ \n#top #wrap_all .iconbox.av-8hdq0u-18e111cdccf931542c1f23a8ad7c0acd .iconbox_content_title{\nfont-size:18px;\n}\n}\n<\/style>\n<article  class='iconbox iconbox_left_content av-8hdq0u-18e111cdccf931542c1f23a8ad7c0acd av-icon-style-no-border  avia-builder-el-8  el_after_av_hr  el_before_av_icon_box '  itemscope=\"itemscope\" itemtype=\"https:\/\/schema.org\/CreativeWork\" ><div class=\"iconbox_icon heading-color\" aria-hidden='true' data-av_icon='\ue898' data-av_iconfont='entypo-fontello'><\/div><div class=\"iconbox_content\"><header class=\"entry-content-header\"><h3 class='iconbox_content_title '  itemprop=\"headline\" >Funktion.<\/h3><\/header><div class='iconbox_content_container '  itemprop=\"text\" ><div id=\"m4253\" class=\"module text\">\n<div id=\"m3784\" class=\"module text\">\n<p class=\"custom7\">Verstehen und Umsetzen von Aufgabenstellungen und Anspr\u00fcchen<\/p>\n<\/div>\n<\/div>\n<\/div><\/div><footer class=\"entry-footer\"><\/footer><\/article><br \/>\n\n<style type=\"text\/css\" data-created_by=\"avia_inline_auto\" id=\"style-css-av-73xvy6-62587214bb76ccdff0eee84ebfee19d3\">\n.iconbox.av-73xvy6-62587214bb76ccdff0eee84ebfee19d3 .iconbox_icon{\ncolor:#80877b;\n}\n#top #wrap_all .iconbox.av-73xvy6-62587214bb76ccdff0eee84ebfee19d3 .iconbox_content_title{\nfont-size:18px;\n}\n\n@media only screen and (min-width: 768px) and (max-width: 989px){ \n#top #wrap_all .iconbox.av-73xvy6-62587214bb76ccdff0eee84ebfee19d3 .iconbox_content_title{\nfont-size:18px;\n}\n}\n\n@media only screen and (min-width: 480px) and (max-width: 767px){ \n#top #wrap_all .iconbox.av-73xvy6-62587214bb76ccdff0eee84ebfee19d3 .iconbox_content_title{\nfont-size:18px;\n}\n}\n\n@media only screen and (max-width: 479px){ \n#top #wrap_all .iconbox.av-73xvy6-62587214bb76ccdff0eee84ebfee19d3 .iconbox_content_title{\nfont-size:18px;\n}\n}\n<\/style>\n<article  class='iconbox iconbox_left_content av-73xvy6-62587214bb76ccdff0eee84ebfee19d3 av-icon-style-no-border  avia-builder-el-9  el_after_av_icon_box  el_before_av_icon_box '  itemscope=\"itemscope\" itemtype=\"https:\/\/schema.org\/CreativeWork\" ><div class=\"iconbox_icon heading-color\" aria-hidden='true' data-av_icon='\ue898' data-av_iconfont='entypo-fontello'><\/div><div class=\"iconbox_content\"><header class=\"entry-content-header\"><h3 class='iconbox_content_title '  itemprop=\"headline\" >Gestaltung.<\/h3><\/header><div class='iconbox_content_container '  itemprop=\"text\" ><div id=\"m4253\" class=\"module text\">\n<div id=\"m3784\" class=\"module text\"><\/div>\n<div id=\"m1704\" class=\"module text\">\n<p class=\"custom7\">Einheit aus modernen und klassischen Bauformen<\/p>\n<\/div>\n<\/div>\n<\/div><\/div><footer class=\"entry-footer\"><\/footer><\/article><br \/>\n\n<style type=\"text\/css\" data-created_by=\"avia_inline_auto\" id=\"style-css-av-5a8x26-9c66d5ea44619dfb62fe1235f2883676\">\n.iconbox.av-5a8x26-9c66d5ea44619dfb62fe1235f2883676 .iconbox_icon{\ncolor:#5b6356;\n}\n#top #wrap_all .iconbox.av-5a8x26-9c66d5ea44619dfb62fe1235f2883676 .iconbox_content_title{\nfont-size:18px;\n}\n\n@media only screen and (min-width: 768px) and (max-width: 989px){ \n#top #wrap_all .iconbox.av-5a8x26-9c66d5ea44619dfb62fe1235f2883676 .iconbox_content_title{\nfont-size:18px;\n}\n}\n\n@media only screen and (min-width: 480px) and (max-width: 767px){ \n#top #wrap_all .iconbox.av-5a8x26-9c66d5ea44619dfb62fe1235f2883676 .iconbox_content_title{\nfont-size:18px;\n}\n}\n\n@media only screen and (max-width: 479px){ \n#top #wrap_all .iconbox.av-5a8x26-9c66d5ea44619dfb62fe1235f2883676 .iconbox_content_title{\nfont-size:18px;\n}\n}\n<\/style>\n<article  class='iconbox iconbox_left_content av-5a8x26-9c66d5ea44619dfb62fe1235f2883676 av-icon-style-no-border  avia-builder-el-10  el_after_av_icon_box  el_before_av_icon_box '  itemscope=\"itemscope\" itemtype=\"https:\/\/schema.org\/CreativeWork\" ><div class=\"iconbox_icon heading-color\" aria-hidden='true' data-av_icon='\ue898' data-av_iconfont='entypo-fontello'><\/div><div class=\"iconbox_content\"><header class=\"entry-content-header\"><h3 class='iconbox_content_title '  itemprop=\"headline\" >Konstruktion.<\/h3><\/header><div class='iconbox_content_container '  itemprop=\"text\" ><div id=\"m1512\" class=\"module text\">\n<p class=\"custom7\">Ergebnis aus Funktion und Gestaltung<\/p>\n<\/div>\n<\/div><\/div><footer class=\"entry-footer\"><\/footer><\/article><br \/>\n\n<style type=\"text\/css\" data-created_by=\"avia_inline_auto\" id=\"style-css-av-4agrlq-22c7a3b2000291c100f32fc2d34a553b\">\n.iconbox.av-4agrlq-22c7a3b2000291c100f32fc2d34a553b .iconbox_icon{\ncolor:#dc5827;\n}\n#top #wrap_all .iconbox.av-4agrlq-22c7a3b2000291c100f32fc2d34a553b .iconbox_content_title{\nfont-size:18px;\n}\n\n@media only screen and (min-width: 768px) and (max-width: 989px){ \n#top #wrap_all .iconbox.av-4agrlq-22c7a3b2000291c100f32fc2d34a553b .iconbox_content_title{\nfont-size:18px;\n}\n}\n\n@media only screen and (min-width: 480px) and (max-width: 767px){ \n#top #wrap_all .iconbox.av-4agrlq-22c7a3b2000291c100f32fc2d34a553b .iconbox_content_title{\nfont-size:18px;\n}\n}\n\n@media only screen and (max-width: 479px){ \n#top #wrap_all .iconbox.av-4agrlq-22c7a3b2000291c100f32fc2d34a553b .iconbox_content_title{\nfont-size:18px;\n}\n}\n<\/style>\n<article  class='iconbox iconbox_left_content av-4agrlq-22c7a3b2000291c100f32fc2d34a553b av-icon-style-no-border  avia-builder-el-11  el_after_av_icon_box  el_before_av_hr '  itemscope=\"itemscope\" itemtype=\"https:\/\/schema.org\/CreativeWork\" ><div class=\"iconbox_icon heading-color\" aria-hidden='true' data-av_icon='\ue898' data-av_iconfont='entypo-fontello'><\/div><div class=\"iconbox_content\"><header class=\"entry-content-header\"><h3 class='iconbox_content_title '  itemprop=\"headline\" >Projektleitung.<\/h3><\/header><div class='iconbox_content_container '  itemprop=\"text\" ><div id=\"m4605\" class=\"module text\">\n<p class=\"custom7\">In allen Leistungsphasen maximale und individuelle Bauherrenbetreuung.<\/p>\n<\/div>\n<\/div><\/div><footer class=\"entry-footer\"><\/footer><\/article><br \/>\n<div  class='hr av-2eta4u-2a742733b2cc7189bd491a8b9cb23191 hr-default  avia-builder-el-12  el_after_av_icon_box  el_before_av_icon_box '><span class='hr-inner '><span class=\"hr-inner-style\"><\/span><\/span><\/div><br \/>\n\n<style type=\"text\/css\" data-created_by=\"avia_inline_auto\" id=\"style-css-av-ku44pafs-429890c481cc6a123b4a63976bd0fdf4\">\n.iconbox.av-ku44pafs-429890c481cc6a123b4a63976bd0fdf4 .iconbox_icon{\ncolor:#dc5827;\n}\n#top #wrap_all .iconbox.av-ku44pafs-429890c481cc6a123b4a63976bd0fdf4 .iconbox_content_title{\nfont-size:18px;\n}\n\n@media only screen and (min-width: 768px) and (max-width: 989px){ \n#top #wrap_all .iconbox.av-ku44pafs-429890c481cc6a123b4a63976bd0fdf4 .iconbox_content_title{\nfont-size:18px;\n}\n}\n\n@media only screen and (min-width: 480px) and (max-width: 767px){ \n#top #wrap_all .iconbox.av-ku44pafs-429890c481cc6a123b4a63976bd0fdf4 .iconbox_content_title{\nfont-size:18px;\n}\n}\n\n@media only screen and (max-width: 479px){ \n#top #wrap_all .iconbox.av-ku44pafs-429890c481cc6a123b4a63976bd0fdf4 .iconbox_content_title{\nfont-size:18px;\n}\n}\n<\/style>\n<article  class='iconbox iconbox_left_content av-ku44pafs-429890c481cc6a123b4a63976bd0fdf4 av-icon-style-no-border  avia-builder-el-13  el_after_av_hr  avia-builder-el-last '  itemscope=\"itemscope\" itemtype=\"https:\/\/schema.org\/CreativeWork\" ><div class=\"iconbox_icon heading-color\" aria-hidden='true' data-av_icon='\ue82d' data-av_iconfont='entypo-fontello'><\/div><div class=\"iconbox_content\"><header class=\"entry-content-header\"><h3 class='iconbox_content_title '  itemprop=\"headline\" >PDF dowload<\/h3><\/header><div class='iconbox_content_container '  itemprop=\"text\" ><div id=\"m4605\" class=\"module text\">Hier k\u00f6nnen Sie sich unsere Referenzbrosch\u00fcre <a href=\"http:\/\/designplanung.de\/projekt-026\/wp-content\/uploads\/2021\/09\/Referenz-Broschuere.pdf\" target=\"_blank\" rel=\"noopener\">downloaden<\/a><\/div>\n<\/div><\/div><footer class=\"entry-footer\"><\/footer><\/article><\/p><\/div><div  class='flex_column av-gbtbz2-f7c7ff8442cd9629616b92a58acb4e42 av_one_third  avia-builder-el-14  el_after_av_two_third  avia-builder-el-last  flex_column_div  '     ><p>\n<style type=\"text\/css\" data-created_by=\"avia_inline_auto\" id=\"style-css-av-eavaxq-c9926e59dde30d6f5a0b492699bd7130\">\n.avia-image-container.av-eavaxq-c9926e59dde30d6f5a0b492699bd7130 img.avia_image{\nbox-shadow:none;\n}\n.avia-image-container.av-eavaxq-c9926e59dde30d6f5a0b492699bd7130 .av-image-caption-overlay-center{\ncolor:#ffffff;\n}\n<\/style>\n<div  class='avia-image-container av-eavaxq-c9926e59dde30d6f5a0b492699bd7130 av-styling- av-img-linked avia-align-center  avia-builder-el-15  el_before_av_image  avia-builder-el-first '   itemprop=\"image\" itemscope=\"itemscope\" itemtype=\"https:\/\/schema.org\/ImageObject\" ><div class=\"avia-image-container-inner\"><div class=\"avia-image-overlay-wrap\"><a href=\"http:\/\/designplanung.de\/projekt-026\/wp-content\/uploads\/2022\/05\/AdobeStock_245729154_Preview.jpg\" data-srcset=\"http:\/\/designplanung.de\/projekt-026\/wp-content\/uploads\/2022\/05\/AdobeStock_245729154_Preview.jpg 667w, http:\/\/designplanung.de\/projekt-026\/wp-content\/uploads\/2022\/05\/AdobeStock_245729154_Preview-300x300.jpg 300w, http:\/\/designplanung.de\/projekt-026\/wp-content\/uploads\/2022\/05\/AdobeStock_245729154_Preview-80x80.jpg 80w, http:\/\/designplanung.de\/projekt-026\/wp-content\/uploads\/2022\/05\/AdobeStock_245729154_Preview-36x36.jpg 36w, http:\/\/designplanung.de\/projekt-026\/wp-content\/uploads\/2022\/05\/AdobeStock_245729154_Preview-180x180.jpg 180w\" data-sizes=\"(max-width: 667px) 100vw, 667px\" class='avia_image '  aria-label='AdobeStock_245729154_Preview'><img decoding=\"async\" fetchpriority=\"high\" class='wp-image-3261 avia-img-lazy-loading-not-3261 avia_image ' src=\"http:\/\/designplanung.de\/projekt-026\/wp-content\/uploads\/2022\/05\/AdobeStock_245729154_Preview.jpg\" alt='' title='AdobeStock_245729154_Preview'  height=\"667\" width=\"667\"  itemprop=\"thumbnailUrl\" srcset=\"http:\/\/designplanung.de\/projekt-026\/wp-content\/uploads\/2022\/05\/AdobeStock_245729154_Preview.jpg 667w, http:\/\/designplanung.de\/projekt-026\/wp-content\/uploads\/2022\/05\/AdobeStock_245729154_Preview-300x300.jpg 300w, http:\/\/designplanung.de\/projekt-026\/wp-content\/uploads\/2022\/05\/AdobeStock_245729154_Preview-80x80.jpg 80w, http:\/\/designplanung.de\/projekt-026\/wp-content\/uploads\/2022\/05\/AdobeStock_245729154_Preview-36x36.jpg 36w, http:\/\/designplanung.de\/projekt-026\/wp-content\/uploads\/2022\/05\/AdobeStock_245729154_Preview-180x180.jpg 180w\" sizes=\"(max-width: 667px) 100vw, 667px\" \/><\/a><\/div><\/div><\/div><br \/>\n\n<style type=\"text\/css\" data-created_by=\"avia_inline_auto\" id=\"style-css-av-cy4rcu-cf0014b2a7e77f411d27ea8c1c9b6afb\">\n.avia-image-container.av-cy4rcu-cf0014b2a7e77f411d27ea8c1c9b6afb img.avia_image{\nbox-shadow:none;\n}\n.avia-image-container.av-cy4rcu-cf0014b2a7e77f411d27ea8c1c9b6afb .av-image-caption-overlay-center{\ncolor:#ffffff;\n}\n<\/style>\n<div  class='avia-image-container av-cy4rcu-cf0014b2a7e77f411d27ea8c1c9b6afb av-styling- av-img-linked avia-align-center  avia-builder-el-16  el_after_av_image  avia-builder-el-last '   itemprop=\"image\" itemscope=\"itemscope\" itemtype=\"https:\/\/schema.org\/ImageObject\" ><div class=\"avia-image-container-inner\"><div class=\"avia-image-overlay-wrap\"><a href=\"http:\/\/designplanung.de\/projekt-026\/wp-content\/uploads\/2022\/05\/AdobeStock_425766212_Preview.jpg\" data-srcset=\"http:\/\/designplanung.de\/projekt-026\/wp-content\/uploads\/2022\/05\/AdobeStock_425766212_Preview.jpg 563w, http:\/\/designplanung.de\/projekt-026\/wp-content\/uploads\/2022\/05\/AdobeStock_425766212_Preview-300x300.jpg 300w, http:\/\/designplanung.de\/projekt-026\/wp-content\/uploads\/2022\/05\/AdobeStock_425766212_Preview-80x80.jpg 80w, http:\/\/designplanung.de\/projekt-026\/wp-content\/uploads\/2022\/05\/AdobeStock_425766212_Preview-36x36.jpg 36w, http:\/\/designplanung.de\/projekt-026\/wp-content\/uploads\/2022\/05\/AdobeStock_425766212_Preview-180x180.jpg 180w\" data-sizes=\"(max-width: 563px) 100vw, 563px\" class='avia_image '  aria-label='AdobeStock_425766212_Preview'><img decoding=\"async\" fetchpriority=\"high\" class='wp-image-3262 avia-img-lazy-loading-not-3262 avia_image ' src=\"http:\/\/designplanung.de\/projekt-026\/wp-content\/uploads\/2022\/05\/AdobeStock_425766212_Preview.jpg\" alt='' title='AdobeStock_425766212_Preview'  height=\"563\" width=\"563\"  itemprop=\"thumbnailUrl\" srcset=\"http:\/\/designplanung.de\/projekt-026\/wp-content\/uploads\/2022\/05\/AdobeStock_425766212_Preview.jpg 563w, http:\/\/designplanung.de\/projekt-026\/wp-content\/uploads\/2022\/05\/AdobeStock_425766212_Preview-300x300.jpg 300w, http:\/\/designplanung.de\/projekt-026\/wp-content\/uploads\/2022\/05\/AdobeStock_425766212_Preview-80x80.jpg 80w, http:\/\/designplanung.de\/projekt-026\/wp-content\/uploads\/2022\/05\/AdobeStock_425766212_Preview-36x36.jpg 36w, http:\/\/designplanung.de\/projekt-026\/wp-content\/uploads\/2022\/05\/AdobeStock_425766212_Preview-180x180.jpg 180w\" sizes=\"(max-width: 563px) 100vw, 563px\" \/><\/a><\/div><\/div><\/div><\/p><\/div>\n","protected":false},"excerpt":{"rendered":"","protected":false},"author":2,"featured_media":0,"parent":0,"menu_order":0,"comment_status":"closed","ping_status":"closed","template":"","meta":{"footnotes":""},"class_list":["post-3134","page","type-page","status-publish","hentry"],"_links":{"self":[{"href":"http:\/\/designplanung.de\/projekt-026\/wp-json\/wp\/v2\/pages\/3134"}],"collection":[{"href":"http:\/\/designplanung.de\/projekt-026\/wp-json\/wp\/v2\/pages"}],"about":[{"href":"http:\/\/designplanung.de\/projekt-026\/wp-json\/wp\/v2\/types\/page"}],"author":[{"embeddable":true,"href":"http:\/\/designplanung.de\/projekt-026\/wp-json\/wp\/v2\/users\/2"}],"replies":[{"embeddable":true,"href":"http:\/\/designplanung.de\/projekt-026\/wp-json\/wp\/v2\/comments?post=3134"}],"version-history":[{"count":39,"href":"http:\/\/designplanung.de\/projekt-026\/wp-json\/wp\/v2\/pages\/3134\/revisions"}],"predecessor-version":[{"id":3371,"href":"http:\/\/designplanung.de\/projekt-026\/wp-json\/wp\/v2\/pages\/3134\/revisions\/3371"}],"wp:attachment":[{"href":"http:\/\/designplanung.de\/projekt-026\/wp-json\/wp\/v2\/media?parent=3134"}],"curies":[{"name":"wp","href":"https:\/\/api.w.org\/{rel}","templated":true}]}}