{"id":3159,"date":"2021-09-28T15:46:34","date_gmt":"2021-09-28T13:46:34","guid":{"rendered":"http:\/\/designplanung.de\/projekt-026\/?page_id=3159"},"modified":"2024-08-13T08:43:34","modified_gmt":"2024-08-13T06:43:34","slug":"ueber-uns","status":"publish","type":"page","link":"http:\/\/designplanung.de\/projekt-026\/ueber-uns\/","title":{"rendered":"\u00dcber uns"},"content":{"rendered":"<div id='av_section_1'  class='avia-section av-qsbuyf-4eb3e45bc61500de9fc29043c0e50ab8 footer_color avia-section-small avia-no-border-styling  avia-builder-el-0  el_before_av_layout_row  avia-builder-el-first  avia-bg-style-scroll container_wrap fullsize'  ><div class='container av-section-cont-open' ><main  role=\"main\" itemprop=\"mainContentOfPage\"  class='template-page content  av-content-full alpha units'><div class='post-entry post-entry-type-page post-entry-3159'><div class='entry-content-wrapper clearfix'>\n<div  class='flex_column av-p8ayxj-1a9c09577fee6b572bd840b432445cb1 av_one_full  avia-builder-el-1  avia-builder-el-no-sibling  first flex_column_div  '     ><style type=\"text\/css\" data-created_by=\"avia_inline_auto\" id=\"style-css-av-ku44vkb5-561e6a7b2b4e67d1ae11336f23f19d42\">\n#top .av-special-heading.av-ku44vkb5-561e6a7b2b4e67d1ae11336f23f19d42{\npadding-bottom:0;\n}\nbody .av-special-heading.av-ku44vkb5-561e6a7b2b4e67d1ae11336f23f19d42 .av-special-heading-tag .heading-char{\nfont-size:25px;\n}\n.av-special-heading.av-ku44vkb5-561e6a7b2b4e67d1ae11336f23f19d42 .av-subheading{\nfont-size:15px;\n}\n<\/style>\n<div  class='av-special-heading av-ku44vkb5-561e6a7b2b4e67d1ae11336f23f19d42 av-special-heading-h1 blockquote modern-quote  avia-builder-el-2  avia-builder-el-no-sibling '><h1 class='av-special-heading-tag '  itemprop=\"headline\"  >\u00dcber uns<\/h1><div class=\"special-heading-border\"><div class=\"special-heading-inner-border\"><\/div><\/div><\/div><\/div>\n\n<\/div><\/div><\/main><!-- close content main element --><\/div><\/div><div id='av-layout-grid-1'  class='av-layout-grid-container av-21gj1z-4e09ba780cf49f4b2bd16a44ab1a54ad entry-content-wrapper main_color av-flex-cells  avia-builder-el-3  el_after_av_section  el_before_av_section  grid-row-not-first  container_wrap fullsize'  >\n\n<style type=\"text\/css\" data-created_by=\"avia_inline_auto\" id=\"style-css-av-ku45bq7d-42e4fd3a17e02faeddc472385965d492\">\n.flex_cell.av-ku45bq7d-42e4fd3a17e02faeddc472385965d492{\nvertical-align:top;\n}\n.responsive #top #wrap_all .flex_cell.av-ku45bq7d-42e4fd3a17e02faeddc472385965d492{\npadding:0px 0px 0px 0px !important;\n}\n<\/style>\n<div class='flex_cell av-ku45bq7d-42e4fd3a17e02faeddc472385965d492 av-gridrow-cell av_one_full no_margin  avia-builder-el-4  avia-builder-el-no-sibling  av-zero-padding'  ><div class='flex_cell_inner'><div id='av-masonry-1' class='av-masonry av-ku457znc-f5cc61cc3576a507dd22968f6f58e890 noHover av-fixed-size av-1px-gap av-hover-overlay- av-masonry-animation-active av-masonry-col-6 av-caption-always av-caption-style- av-masonry-gallery av-orientation-square ' data-post_id=\"3159\"><div class=\"av-masonry-container isotope av-js-disabled\"><div class='av-masonry-entry isotope-item av-masonry-item-no-image '><\/div><a href=\"http:\/\/designplanung.de\/projekt-026\/wp-content\/uploads\/2021\/09\/AdobeStock_297605776_Preview.jpeg\" data-srcset=\"http:\/\/designplanung.de\/projekt-026\/wp-content\/uploads\/2021\/09\/AdobeStock_297605776_Preview.jpeg 1000w, http:\/\/designplanung.de\/projekt-026\/wp-content\/uploads\/2021\/09\/AdobeStock_297605776_Preview-300x121.jpeg 300w, http:\/\/designplanung.de\/projekt-026\/wp-content\/uploads\/2021\/09\/AdobeStock_297605776_Preview-768x309.jpeg 768w, http:\/\/designplanung.de\/projekt-026\/wp-content\/uploads\/2021\/09\/AdobeStock_297605776_Preview-705x283.jpeg 705w\" data-sizes=\"(max-width: 1000px) 100vw, 1000px\"  aria-label=\"Bild Hausbeispiel\"  id='av-masonry-1-item-3004' data-av-masonry-item='3004' class='av-masonry-entry isotope-item post-3004 attachment type-attachment status-inherit hentry  av-masonry-item-with-image' title=\"Hausbeispiel\" alt=\"\"    itemprop=\"thumbnailUrl\" ><div class='av-inner-masonry-sizer'><\/div><figure class='av-inner-masonry main_color'><div class=\"av-masonry-outerimage-container\"><div class='av-masonry-image-container' style=\"background-image: url(http:\/\/designplanung.de\/projekt-026\/wp-content\/uploads\/2021\/09\/AdobeStock_297605776_Preview-705x283.jpeg);\"  title=\"Hausbeispiel\" ><\/div><\/div><\/figure><\/a><!--end av-masonry entry--><a href=\"http:\/\/designplanung.de\/projekt-026\/wp-content\/uploads\/2021\/09\/AdobeStock_131454813_Preview.jpeg\" data-srcset=\"http:\/\/designplanung.de\/projekt-026\/wp-content\/uploads\/2021\/09\/AdobeStock_131454813_Preview.jpeg 1000w, http:\/\/designplanung.de\/projekt-026\/wp-content\/uploads\/2021\/09\/AdobeStock_131454813_Preview-300x235.jpeg 300w, http:\/\/designplanung.de\/projekt-026\/wp-content\/uploads\/2021\/09\/AdobeStock_131454813_Preview-768x601.jpeg 768w, http:\/\/designplanung.de\/projekt-026\/wp-content\/uploads\/2021\/09\/AdobeStock_131454813_Preview-705x552.jpeg 705w\" data-sizes=\"(max-width: 1000px) 100vw, 1000px\"  aria-label=\"Bild Hausbeispiel\"  id='av-masonry-1-item-2999' data-av-masonry-item='2999' class='av-masonry-entry isotope-item post-2999 attachment type-attachment status-inherit hentry  av-masonry-item-with-image' title=\"Hausbeispiel\" alt=\"\"    itemprop=\"thumbnailUrl\" ><div class='av-inner-masonry-sizer'><\/div><figure class='av-inner-masonry main_color'><div class=\"av-masonry-outerimage-container\"><div class='av-masonry-image-container' style=\"background-image: url(http:\/\/designplanung.de\/projekt-026\/wp-content\/uploads\/2021\/09\/AdobeStock_131454813_Preview-705x552.jpeg);\"  title=\"Hausbeispiel\" ><\/div><\/div><\/figure><\/a><!--end av-masonry entry--><a href=\"http:\/\/designplanung.de\/projekt-026\/wp-content\/uploads\/2021\/09\/AdobeStock_368976934_Preview.jpeg\" data-srcset=\"http:\/\/designplanung.de\/projekt-026\/wp-content\/uploads\/2021\/09\/AdobeStock_368976934_Preview.jpeg 1000w, http:\/\/designplanung.de\/projekt-026\/wp-content\/uploads\/2021\/09\/AdobeStock_368976934_Preview-300x150.jpeg 300w, http:\/\/designplanung.de\/projekt-026\/wp-content\/uploads\/2021\/09\/AdobeStock_368976934_Preview-768x384.jpeg 768w, http:\/\/designplanung.de\/projekt-026\/wp-content\/uploads\/2021\/09\/AdobeStock_368976934_Preview-705x353.jpeg 705w\" data-sizes=\"(max-width: 1000px) 100vw, 1000px\"  aria-label=\"Bild Hausbeispiel\"  id='av-masonry-1-item-3006' data-av-masonry-item='3006' class='av-masonry-entry isotope-item post-3006 attachment type-attachment status-inherit hentry  av-masonry-item-with-image' title=\"Hausbeispiel\" alt=\"\"    itemprop=\"thumbnailUrl\" ><div class='av-inner-masonry-sizer'><\/div><figure class='av-inner-masonry main_color'><div class=\"av-masonry-outerimage-container\"><div class='av-masonry-image-container' style=\"background-image: url(http:\/\/designplanung.de\/projekt-026\/wp-content\/uploads\/2021\/09\/AdobeStock_368976934_Preview-705x353.jpeg);\"  title=\"Hausbeispiel\" ><\/div><\/div><\/figure><\/a><!--end av-masonry entry--><a href=\"http:\/\/designplanung.de\/projekt-026\/wp-content\/uploads\/2021\/09\/AdobeStock_4019313_Preview.jpeg\" data-srcset=\"http:\/\/designplanung.de\/projekt-026\/wp-content\/uploads\/2021\/09\/AdobeStock_4019313_Preview.jpeg 1000w, http:\/\/designplanung.de\/projekt-026\/wp-content\/uploads\/2021\/09\/AdobeStock_4019313_Preview-300x200.jpeg 300w, http:\/\/designplanung.de\/projekt-026\/wp-content\/uploads\/2021\/09\/AdobeStock_4019313_Preview-768x512.jpeg 768w, http:\/\/designplanung.de\/projekt-026\/wp-content\/uploads\/2021\/09\/AdobeStock_4019313_Preview-705x470.jpeg 705w\" data-sizes=\"(max-width: 1000px) 100vw, 1000px\"  aria-label=\"Bild Hausbeispiel\"  id='av-masonry-1-item-2995' data-av-masonry-item='2995' class='av-masonry-entry isotope-item post-2995 attachment type-attachment status-inherit hentry  av-masonry-item-with-image' title=\"Hausbeispiel\" alt=\"\"    itemprop=\"thumbnailUrl\" ><div class='av-inner-masonry-sizer'><\/div><figure class='av-inner-masonry main_color'><div class=\"av-masonry-outerimage-container\"><div class='av-masonry-image-container' style=\"background-image: url(http:\/\/designplanung.de\/projekt-026\/wp-content\/uploads\/2021\/09\/AdobeStock_4019313_Preview-705x470.jpeg);\"  title=\"Hausbeispiel\" ><\/div><\/div><\/figure><\/a><!--end av-masonry entry--><a href=\"http:\/\/designplanung.de\/projekt-026\/wp-content\/uploads\/2021\/09\/AdobeStock_357299071_Preview.jpeg\" data-srcset=\"http:\/\/designplanung.de\/projekt-026\/wp-content\/uploads\/2021\/09\/AdobeStock_357299071_Preview.jpeg 1000w, http:\/\/designplanung.de\/projekt-026\/wp-content\/uploads\/2021\/09\/AdobeStock_357299071_Preview-300x200.jpeg 300w, http:\/\/designplanung.de\/projekt-026\/wp-content\/uploads\/2021\/09\/AdobeStock_357299071_Preview-768x512.jpeg 768w, http:\/\/designplanung.de\/projekt-026\/wp-content\/uploads\/2021\/09\/AdobeStock_357299071_Preview-705x470.jpeg 705w\" data-sizes=\"(max-width: 1000px) 100vw, 1000px\"  aria-label=\"Bild Hausbeispiel\"  id='av-masonry-1-item-3005' data-av-masonry-item='3005' class='av-masonry-entry isotope-item post-3005 attachment type-attachment status-inherit hentry  av-masonry-item-with-image' title=\"Hausbeispiel\" alt=\"\"    itemprop=\"thumbnailUrl\" ><div class='av-inner-masonry-sizer'><\/div><figure class='av-inner-masonry main_color'><div class=\"av-masonry-outerimage-container\"><div class='av-masonry-image-container' style=\"background-image: url(http:\/\/designplanung.de\/projekt-026\/wp-content\/uploads\/2021\/09\/AdobeStock_357299071_Preview-705x470.jpeg);\"  title=\"Hausbeispiel\" ><\/div><\/div><\/figure><\/a><!--end av-masonry entry--><a href=\"http:\/\/designplanung.de\/projekt-026\/wp-content\/uploads\/2021\/09\/AdobeStock_96842625_Preview.jpeg\" data-srcset=\"http:\/\/designplanung.de\/projekt-026\/wp-content\/uploads\/2021\/09\/AdobeStock_96842625_Preview.jpeg 1000w, http:\/\/designplanung.de\/projekt-026\/wp-content\/uploads\/2021\/09\/AdobeStock_96842625_Preview-300x188.jpeg 300w, http:\/\/designplanung.de\/projekt-026\/wp-content\/uploads\/2021\/09\/AdobeStock_96842625_Preview-768x480.jpeg 768w, http:\/\/designplanung.de\/projekt-026\/wp-content\/uploads\/2021\/09\/AdobeStock_96842625_Preview-705x441.jpeg 705w\" data-sizes=\"(max-width: 1000px) 100vw, 1000px\"  aria-label=\"Bild Hausbeispiel\"  id='av-masonry-1-item-2997' data-av-masonry-item='2997' class='av-masonry-entry isotope-item post-2997 attachment type-attachment status-inherit hentry  av-masonry-item-with-image' title=\"Hausbeispiel\" alt=\"\"    itemprop=\"thumbnailUrl\" ><div class='av-inner-masonry-sizer'><\/div><figure class='av-inner-masonry main_color'><div class=\"av-masonry-outerimage-container\"><div class='av-masonry-image-container' style=\"background-image: url(http:\/\/designplanung.de\/projekt-026\/wp-content\/uploads\/2021\/09\/AdobeStock_96842625_Preview-705x441.jpeg);\"  title=\"Hausbeispiel\" ><\/div><\/div><\/figure><\/a><!--end av-masonry entry--><\/div><\/div>\n<\/div><\/div>\n<\/div>\n<div id='av_section_2'  class='avia-section av-ofjip3-ab4fdd3abf2a54595b2d5c095c40af9a main_color avia-section-large avia-no-border-styling  avia-builder-el-6  el_after_av_layout_row  avia-builder-el-last  avia-bg-style-scroll container_wrap fullsize'  ><div class='container av-section-cont-open' ><div class='template-page content  av-content-full alpha units'><div class='post-entry post-entry-type-page post-entry-3159'><div class='entry-content-wrapper clearfix'>\n\n<style type=\"text\/css\" data-created_by=\"avia_inline_auto\" id=\"style-css-av-l0uuti06-40092d9f64a9e4ad9cfda25ed3a9521f\">\n#top .av-special-heading.av-l0uuti06-40092d9f64a9e4ad9cfda25ed3a9521f{\npadding-bottom:20px;\n}\nbody .av-special-heading.av-l0uuti06-40092d9f64a9e4ad9cfda25ed3a9521f .av-special-heading-tag .heading-char{\nfont-size:25px;\n}\n.av-special-heading.av-l0uuti06-40092d9f64a9e4ad9cfda25ed3a9521f .av-subheading{\nfont-size:15px;\n}\n<\/style>\n<div  class='av-special-heading av-l0uuti06-40092d9f64a9e4ad9cfda25ed3a9521f av-special-heading-h2 blockquote modern-quote  avia-builder-el-7  el_before_av_two_third  avia-builder-el-first '><h2 class='av-special-heading-tag '  itemprop=\"headline\"  >Architekturb\u00fcro Christiane Sauer<\/h2><div class=\"special-heading-border\"><div class=\"special-heading-inner-border\"><\/div><\/div><\/div>\n<div  class='flex_column av-lwwwzr-904c15e55053333cb4595b2c5b03f579 av_two_third  avia-builder-el-8  el_after_av_heading  el_before_av_one_third  first flex_column_div  '     ><section  class='av_textblock_section av-kundxz-f10ecd2b26fd3273860dbb078a8aaa41 '   itemscope=\"itemscope\" itemtype=\"https:\/\/schema.org\/CreativeWork\" ><div class='avia_textblock'  itemprop=\"text\" ><div id=\"c3637\">Der \u00dcber uns Text muss noch geschrieben werden. Damit hier etwas Text steht und man es sich besser vorstellen kann, folgt jetzt Blindtext:<\/div>\n<div>\n<p>\u201eDas erste, was ich sagen m\u00f6chte, ist ein herzliches Wort des Dankes an meine Freunde im Evangelischen Arbeitskreis, die in diesen Jahrzehnten \u2014 in diesem Jahr begehen wir noch ein wichtiges Erinnerungsdatum an Hermann Ehlers \u2014 eine gro\u00dfartige Arbeit f\u00fcr unsere Sache geleistet haben.<\/p>\n<p>Der Evangelische Arbeitskreis hat in schwierigen Zeiten unserer Partei vor allem einen wichtigen Dienst geleistet, er hat immer wieder darauf hingewiesen, da\u00df es wichtig ist, die Herausforderung des Tages zu begreifen, da\u00df aber Politik, die hinf\u00fchrt zur Staatskunst, immer auch eine prinzipielle Begr\u00fcndung haben mu\u00df, da\u00df sie standhalten mu\u00df den Anfragen nicht zuletzt aus der jungen Generation nach der Grundordnung, nach den Wertma\u00dfst\u00e4ben, an denen sich Politik ausrichtet.\u201c<\/p>\n<p>Helmut Kohl, 12.2.1984<\/p>\n<\/div>\n<\/div><\/section><\/div><div  class='flex_column av-7qt5bb-dc990285c3728e983929175c14497cea av_one_third  avia-builder-el-10  el_after_av_two_third  avia-builder-el-last  flex_column_div  '     ><\/div>\n","protected":false},"excerpt":{"rendered":"","protected":false},"author":2,"featured_media":0,"parent":0,"menu_order":0,"comment_status":"closed","ping_status":"closed","template":"","meta":{"footnotes":""},"class_list":["post-3159","page","type-page","status-publish","hentry"],"_links":{"self":[{"href":"http:\/\/designplanung.de\/projekt-026\/wp-json\/wp\/v2\/pages\/3159"}],"collection":[{"href":"http:\/\/designplanung.de\/projekt-026\/wp-json\/wp\/v2\/pages"}],"about":[{"href":"http:\/\/designplanung.de\/projekt-026\/wp-json\/wp\/v2\/types\/page"}],"author":[{"embeddable":true,"href":"http:\/\/designplanung.de\/projekt-026\/wp-json\/wp\/v2\/users\/2"}],"replies":[{"embeddable":true,"href":"http:\/\/designplanung.de\/projekt-026\/wp-json\/wp\/v2\/comments?post=3159"}],"version-history":[{"count":37,"href":"http:\/\/designplanung.de\/projekt-026\/wp-json\/wp\/v2\/pages\/3159\/revisions"}],"predecessor-version":[{"id":3380,"href":"http:\/\/designplanung.de\/projekt-026\/wp-json\/wp\/v2\/pages\/3159\/revisions\/3380"}],"wp:attachment":[{"href":"http:\/\/designplanung.de\/projekt-026\/wp-json\/wp\/v2\/media?parent=3159"}],"curies":[{"name":"wp","href":"https:\/\/api.w.org\/{rel}","templated":true}]}}